{"id":1800,"date":"2021-02-11T20:53:15","date_gmt":"2021-02-11T20:53:15","guid":{"rendered":"https:\/\/www.congresocustodiospr.org\/?page_id=1800"},"modified":"2021-02-16T21:47:42","modified_gmt":"2021-02-16T21:47:42","slug":"conferencias","status":"publish","type":"page","link":"https:\/\/www.congresocustodiospr.org\/?page_id=1800","title":{"rendered":"CONFERENCIAS"},"content":{"rendered":"<div class=\"wpb-content-wrapper\"><p>[vc_row full_width=\u00bbstretch_row\u00bb css=\u00bb.vc_custom_1613168720527{padding-top: 100px !important;padding-bottom: 100px !important;background-image: url(https:\/\/www.congresocustodiospr.org\/wp-content\/uploads\/2021\/01\/20170121_110924-scaled.jpg?id=1298) !important;background-position: center !important;background-repeat: no-repeat !important;background-size: cover !important;}\u00bb][vc_column width=\u00bb1\/4&#8243;][\/vc_column][vc_column width=\u00bb1\/2&#8243;][vc_single_image image=\u00bb1822&#8243; alignment=\u00bbcenter\u00bb style=\u00bbvc_box_border_circle\u00bb border_color=\u00bbwhite\u00bb][vc_custom_heading text=\u00bbS\u00e1bado 27 de marzo\u00bb font_container=\u00bbtag:h1|text_align:center|color:%23ffffff\u00bb use_theme_fonts=\u00bbyes\u00bb css_animation=\u00bbfadeIn\u00bb link=\u00bburl:https%3A%2F%2Fwww.congresocustodiospr.org%2Fitinerario%2F\u00bb][vc_column_text]<\/p>\n<p style=\"text-align: center;\"><strong><span style=\"color: #ffffff;\">D\u00eda 1: COMPONENTE CIENT\u00cdFICO Y T\u00c9CNICO<\/span><\/strong><\/p>\n<p>[\/vc_column_text][vc_btn title=\u00bbREGISTRO\u00bb style=\u00bboutline\u00bb color=\u00bbwhite\u00bb align=\u00bbcenter\u00bb link=\u00bburl:https%3A%2F%2Fzoom.us%2Fwebinar%2Fregister%2FWN_keedCuLUSae2lENIaaVeXw%2520&#8243;][\/vc_column][vc_column width=\u00bb1\/4&#8243;][\/vc_column][\/vc_row][vc_row][vc_column width=\u00bb1\/2&#8243;][vc_column_text css_animation=\u00bbfadeIn\u00bb]<span style=\"color: #333333;\"><strong><em>Experiencias con Sistemas Agroforestales (SAF) en Rep\u00fablica Dominicana: Proyectos comunitarios apoyados por ENDA. <\/em><\/strong><\/span><a href=\"https:\/\/www.congresocustodiospr.org\/speaker\/mamerto-valerio\/\"><strong>Ing. Mamerto Valerio<\/strong><\/a>\u00a0 <span style=\"color: #333333;\">&#8211; Se presentar\u00e1 la situaci\u00f3n inicial previo al establecimiento del sistema agroforestal, la base social para implementar las innovaciones y apoyo econ\u00f3mico, las etapas del desarrollo agroforestal: forester\u00eda an\u00e1loga y autogesti\u00f3n. Adem\u00e1s se dialogar\u00e1 sobre los aportes del SAF:\u00a0 \u00cdndice de Biodiversidad, restauraci\u00f3n del ecosistema y el paisaje forestal y la valoraci\u00f3n econ\u00f3mica de los sistemas agroforestales.<\/span><\/p>\n<p><span style=\"color: #333333;\"><strong><em>Manejo forestal sostenible.<\/em><\/strong><\/span> <a href=\"https:\/\/www.congresocustodiospr.org\/speaker\/roger-villalobos\/\"><strong>Roger Villalobos<\/strong><\/a> <span style=\"color: #333333;\">&#8211; Se presentar\u00e1n criterios, principios y ejemplos de lo que es el manejo forestal sostenible, adaptativo y ecosist\u00e9mico. Adem\u00e1s, se expondr\u00e1 como el manejo sostenible se asocia al valor econ\u00f3mico de servicios o productos y utiliza valoraci\u00f3n econ\u00f3mica de otros recursos, como por ejemplo, el agua.<\/span>[\/vc_column_text][\/vc_column][vc_column width=\u00bb1\/2&#8243;][vc_column_text css_animation=\u00bbfadeIn\u00bb]<span style=\"color: #333333;\"><strong><em>Manejo de bosques Puertorrique\u00f1os para restauraci\u00f3n ecol\u00f3gica y producci\u00f3n agroforestal: Intervenciones experimentales en forester\u00eda an\u00e1loga. <\/em><\/strong><\/span><a href=\"https:\/\/www.congresocustodiospr.org\/speaker\/abelleira-martinez\/\"><strong>Dr. Oscar Abelleira <\/strong><\/a><em><strong>&#8211; <\/strong><\/em><span style=\"color: #333333;\">Puerto Rico est\u00e1 cubierto de bosques j\u00f3venes creciendo en terrenos previamente usados para la agricultura. Usualmente, estos bosques est\u00e1n dominados por especies introducidas que, sin embargo, funcionan para rehabilitar procesos ecol\u00f3gicos. Esta charla presentar\u00e1 resultados de intervenciones experimentales en agroforester\u00eda, silvicultura y restauraci\u00f3n ecol\u00f3gica dise\u00f1adas para los bosques j\u00f3venes puertorrique\u00f1os.<\/span><em><br \/>\n<\/em>[\/vc_column_text][\/vc_column][\/vc_row][vc_row full_width=\u00bbstretch_row\u00bb css=\u00bb.vc_custom_1613140770330{padding-top: 100px !important;padding-bottom: 100px !important;background-image: url(https:\/\/www.congresocustodiospr.org\/wp-content\/uploads\/2021\/01\/20201020_080227-scaled.jpg?id=1288) !important;background-position: center !important;background-repeat: no-repeat !important;background-size: cover !important;}\u00bb][vc_column width=\u00bb1\/4&#8243;][\/vc_column][vc_column width=\u00bb1\/2&#8243;][vc_single_image image=\u00bb1839&#8243; alignment=\u00bbcenter\u00bb style=\u00bbvc_box_border_circle\u00bb border_color=\u00bbwhite\u00bb][vc_custom_heading text=\u00bbS\u00e1bado 10 de abril\u00bb font_container=\u00bbtag:h1|text_align:center|color:%23ffffff\u00bb use_theme_fonts=\u00bbyes\u00bb css_animation=\u00bbfadeIn\u00bb link=\u00bburl:https%3A%2F%2Fwww.congresocustodiospr.org%2Fitinerario%2F\u00bb][vc_column_text]<\/p>\n<p style=\"text-align: center;\"><strong><span style=\"color: #ffffff;\">D\u00eda 2: COMPONENTE ECON\u00d3MICO<\/span><\/strong><\/p>\n<p>[\/vc_column_text][vc_btn title=\u00bbREGISTRO\u00bb style=\u00bboutline\u00bb color=\u00bbwhite\u00bb align=\u00bbcenter\u00bb link=\u00bburl:https%3A%2F%2Fzoom.us%2Fwebinar%2Fregister%2FWN_keedCuLUSae2lENIaaVeXw%2520&#8243;][\/vc_column][vc_column width=\u00bb1\/4&#8243;][\/vc_column][\/vc_row][vc_row][vc_column width=\u00bb1\/2&#8243;][vc_column_text css_animation=\u00bbfadeIn\u00bb]<span style=\"color: #333333;\"><strong>\u00a0<em>Los bosques y sus servicios ecosist\u00e9micos: Un enfoque econ\u00f3mico. <\/em><\/strong><\/span><a href=\"https:\/\/www.congresocustodiospr.org\/speaker\/tavarez\/\"><strong>Dr. H\u00e9ctor Tav\u00e1rez<\/strong><\/a><span style=\"color: #333333;\"><em> &#8211; <\/em>Se presentar\u00e1 lo que son los servicios ecosist\u00e9micos y cual es la disposici\u00f3n de los residentes a\u00a0 pagar por oportunidades recreativas en bosques y por la conservaci\u00f3n de bosques. Adem\u00e1s, se dialogar\u00e1 de potenciales estrategias para los custodios de terrenos para la generaci\u00f3n y diversificaci\u00f3n de ingresos y los obst\u00e1culos principales enfrentados ante estas.<\/span><\/p>\n<p><span style=\"color: #333333;\"><strong><em>Planificaci\u00f3n Forestal Sostenible.<\/em><\/strong><\/span><a href=\"https:\/\/www.congresocustodiospr.org\/speaker\/santiago\/\"><strong> Dr. Luis Santiago<\/strong><\/a><span style=\"color: #333333;\"><em> &#8211; <\/em>\u00bfC\u00f3mo nos acercamos a una planificaci\u00f3n forestal sostenible? \u00bfCu\u00e1les instrumentos nos ayudan a descubrir pr\u00e1cticas sostenibles en nuestros terrenos? \u00bfC\u00f3mo podr\u00edamos adoptar pr\u00e1cticas en el contexto local e institucional puertorrique\u00f1o? Discutiremos definiciones de sostenibilidad, as\u00ed como instrumentos y m\u00e9todos que nos ayuden a identificar pr\u00e1cticas que apuntan a la sostenibilidad, generando beneficios a largo plazo para los custodios de terrenos y la sociedad.<\/span><\/p>\n<p><em>\u00a0<\/em>[\/vc_column_text][\/vc_column][vc_column width=\u00bb1\/2&#8243;][vc_column_text css_animation=\u00bbfadeIn\u00bb]<strong><span style=\"color: #333333;\"><em>Desarrollo de Programa de Pago por Servicios Ambientales en Costa Rica<\/em>.<\/span> <a href=\"https:\/\/www.congresocustodiospr.org\/speaker\/navarrete\/\">Ing. Gilmar Navarrete<\/a> <span style=\"color: #333333;\">&#8211; <\/span><\/strong><span style=\"color: #333333;\">Se presentar\u00e1 el trasfondo, historia y evoluci\u00f3n del Fondo Nacional de Financiamiento Forestal en Costa Rica cuyo objetivo es financiar para beneficio de peque\u00f1os y medianos productores, mediante cr\u00e9ditos u otros mecanismos de fomento del manejo del bosque intervenido o no, los procesos de forestaci\u00f3n, reforestaci\u00f3n, viveros forestales, sistemas agroforestales, recuperaci\u00f3n de \u00e1reas denudadas y los cambios tecnol\u00f3gicos en aprovechamiento e industrializaci\u00f3n de los recursos forestales. Adem\u00e1s, como este fondo desarrolla el programa de Pago por Servicios Ambientales para la protecci\u00f3n del recurso h\u00eddrico.\u00a0 Este programa recibi\u00f3 el Premio de las Naciones Unidas a la Acci\u00f3n Mundial sobre el Clima 2020, en la categor\u00eda \u201cFinanciamiento de inversiones respetuosas con el clima\u201d.<\/span>[\/vc_column_text][\/vc_column][\/vc_row][vc_row full_width=\u00bbstretch_row\u00bb css=\u00bb.vc_custom_1613141767570{padding-top: 100px !important;padding-bottom: 100px !important;background-image: url(https:\/\/www.congresocustodiospr.org\/wp-content\/uploads\/2021\/01\/20200313_102139-scaled.jpg?id=1289) !important;background-position: center !important;background-repeat: no-repeat !important;background-size: cover !important;}\u00bb][vc_column width=\u00bb1\/4&#8243;][\/vc_column][vc_column width=\u00bb1\/2&#8243;][vc_single_image image=\u00bb1844&#8243; alignment=\u00bbcenter\u00bb style=\u00bbvc_box_border_circle\u00bb border_color=\u00bbwhite\u00bb][vc_custom_heading text=\u00bbS\u00e1bado 24 de abril\u00bb font_container=\u00bbtag:h1|text_align:center|color:%23ffffff\u00bb use_theme_fonts=\u00bbyes\u00bb css_animation=\u00bbfadeIn\u00bb link=\u00bburl:https%3A%2F%2Fwww.congresocustodiospr.org%2Fitinerario%2F\u00bb][vc_column_text css_animation=\u00bbfadeIn\u00bb]<\/p>\n<p style=\"text-align: center;\"><strong><span style=\"color: #ffffff;\">D\u00eda 3: COMPONENTE EDUCATIVO<\/span><\/strong><\/p>\n<p>[\/vc_column_text][vc_btn title=\u00bbREGISTRO\u00bb style=\u00bboutline\u00bb color=\u00bbwhite\u00bb align=\u00bbcenter\u00bb link=\u00bburl:https%3A%2F%2Fzoom.us%2Fwebinar%2Fregister%2FWN_keedCuLUSae2lENIaaVeXw%2520&#8243;][\/vc_column][vc_column width=\u00bb1\/4&#8243;][\/vc_column][\/vc_row][vc_row][vc_column width=\u00bb1\/2&#8243;][vc_column_text css_animation=\u00bbfadeIn\u00bb]<span style=\"color: #333333;\"><strong><em>Acueductos Comunitarios.<\/em><\/strong><\/span> <a href=\"https:\/\/www.congresocustodiospr.org\/speaker\/santos-valderrama\/\"><strong>Jos\u00e9 Santos Valderrama<\/strong><\/a> <span style=\"color: #333333;\">&#8211; En la huella del Bosque Modelo de Puerto Rico, se encuentra la protecci\u00f3n esencial para una de las mayores riquezas de Puerto Rico, su recurso agua. Para promover la protecci\u00f3n de nuestras cuencas y garantizar el derecho al agua accesible, segura y de calidad, ofrecemos asistencia t\u00e9cnica y servimos de enlace para las comunidades rurales que administran acueductos comunitarios. Se presentar\u00e1 el tema de acueductos comunitarios con la intenci\u00f3n de contestar los siguientes cuestionamientos: \u00bfC\u00f3mo lo han desarrollado aqu\u00ed en Puerto Rico? \u00bfQu\u00e9 envuelve? \u00bfC\u00f3mo lo est\u00e1n trabajando las comunidades? \u00bfC\u00f3mo se extiende y de donde viene? \u00bfC\u00f3mo se valora este recurso?\u00a0 Se incluir\u00e1 resumen de otras iniciativas que incluye capacitaci\u00f3n a comunidades.<\/span><\/p>\n<p><span style=\"color: #333333;\"><strong><em>Red de Mujeres en Bosques<\/em>.<\/strong><\/span> <a href=\"https:\/\/www.congresocustodiospr.org\/speaker\/karisch-gierer\/\"><strong>Dagmar Karisch-Gierer<\/strong><\/a>\u00a0<span style=\"color: #333333;\"> &#8211; En Austria, alrededor de un tercio de todos los due\u00f1os de bosques son mujeres, no obstante, su participaci\u00f3n en p\u00fablico y en estos c\u00edrculos de due\u00f1os de bosques,\u00a0 es muy escasa.\u00a0<em>Women in Forestry\u00a0<\/em>es una red de mujeres en bosques que busca empoderar a estos grupos y\u00a0<em>Forest in Women\u2019s Hands, contribuye<\/em> al apoyo de mujeres en el manejo forestal. Se presentar\u00e1 el trasfondo, historia, iniciativas para fomentar el apoyo y participaci\u00f3n de mujeres en bosques y c\u00f3mo servir\u00eda de ejemplo en Puerto Rico.<\/span><\/p>\n<p><em>\u00a0<\/em>[\/vc_column_text][\/vc_column][vc_column width=\u00bb1\/2&#8243;][vc_column_text css_animation=\u00bbfadeIn\u00bb]<strong><span style=\"color: #333333;\"><em>\u00bfPueden los principios de la ecomuseolog\u00eda ser utilizados para inspirar y apoyar iniciativas integradas y sostenibles en la gobernanza de paisajes diversos en Puerto Rico?<\/em><\/span> <a href=\"https:\/\/www.congresocustodiospr.org\/speaker\/ferrer\/\">Dra. Alix Ferrer<\/a> y <a href=\"https:\/\/www.congresocustodiospr.org\/speaker\/corsane\/\">Gerard Corsane\u00a0<\/a><\/strong> <span style=\"color: #333333;\">&#8211; El ideal de la ecomuseolog\u00eda tiene 3 pilares y 21 caracter\u00edsticas que pueden ser utilizadas en procesos de participaci\u00f3n democr\u00e1tica para salvaguardar y promover el \u2018sentido de pertenencia\u2019 en \u00e1reas cultural y naturalmente significativas. Aunque estos terrenos pueden pertenecer a diferentes personas, la ecomuseolog\u00eda une a los interesados para identificar, documentar y comunicar sobre patrimonio natural y cultural\u00a0 ya sea tangible o intangible a trav\u00e9s de actividades sostenibles e integradas.<\/span><strong><br \/>\n<\/strong>[\/vc_column_text][\/vc_column][\/vc_row]<\/p>\n<\/div>","protected":false},"excerpt":{"rendered":"<p>[vc_row full_width=\u00bbstretch_row\u00bb css=\u00bb.vc_custom_1613168720527{padding-top: 100px !important;padding-bottom: 100px !important;background-image: url(https:\/\/www.congresocustodiospr.org\/wp-content\/uploads\/2021\/01\/20170121_110924-scaled.jpg?id=1298) !important;background-position: center !important;background-repeat: no-repeat !important;background-size: cover !important;}\u00bb][vc_column width=\u00bb1\/4&#8243;][\/vc_column][vc_column width=\u00bb1\/2&#8243;][vc_single_image image=\u00bb1822&#8243; alignment=\u00bbcenter\u00bb style=\u00bbvc_box_border_circle\u00bb border_color=\u00bbwhite\u00bb][vc_custom_heading text=\u00bbS\u00e1bado 27 de marzo\u00bb font_container=\u00bbtag:h1|text_align:center|color:%23ffffff\u00bb use_theme_fonts=\u00bbyes\u00bb css_animation=\u00bbfadeIn\u00bb link=\u00bburl:https%3A%2F%2Fwww.congresocustodiospr.org%2Fitinerario%2F\u00bb][vc_column_text] D\u00eda 1: COMPONENTE CIENT\u00cdFICO Y&hellip;<\/p>\n","protected":false},"author":2,"featured_media":0,"parent":0,"menu_order":0,"comment_status":"closed","ping_status":"closed","template":"","meta":{"footnotes":""},"class_list":["post-1800","page","type-page","status-publish","hentry"],"_links":{"self":[{"href":"https:\/\/www.congresocustodiospr.org\/index.php?rest_route=\/wp\/v2\/pages\/1800","targetHints":{"allow":["GET"]}}],"collection":[{"href":"https:\/\/www.congresocustodiospr.org\/index.php?rest_route=\/wp\/v2\/pages"}],"about":[{"href":"https:\/\/www.congresocustodiospr.org\/index.php?rest_route=\/wp\/v2\/types\/page"}],"author":[{"embeddable":true,"href":"https:\/\/www.congresocustodiospr.org\/index.php?rest_route=\/wp\/v2\/users\/2"}],"replies":[{"embeddable":true,"href":"https:\/\/www.congresocustodiospr.org\/index.php?rest_route=%2Fwp%2Fv2%2Fcomments&post=1800"}],"version-history":[{"count":0,"href":"https:\/\/www.congresocustodiospr.org\/index.php?rest_route=\/wp\/v2\/pages\/1800\/revisions"}],"wp:attachment":[{"href":"https:\/\/www.congresocustodiospr.org\/index.php?rest_route=%2Fwp%2Fv2%2Fmedia&parent=1800"}],"curies":[{"name":"wp","href":"https:\/\/api.w.org\/{rel}","templated":true}]}}