{"id":1953,"date":"2021-03-19T19:40:04","date_gmt":"2021-03-19T19:40:04","guid":{"rendered":"https:\/\/www.congresocustodiospr.org\/?page_id=1953"},"modified":"2021-03-30T18:46:20","modified_gmt":"2021-03-30T18:46:20","slug":"videos","status":"publish","type":"page","link":"https:\/\/www.congresocustodiospr.org\/?page_id=1953","title":{"rendered":"Recursos Educativos"},"content":{"rendered":"<div class=\"wpb-content-wrapper\"><p>[vc_row][vc_column][vc_column_text]<span style=\"color: #000000; font-family: arial, sans-serif;\">Las sesiones pregrabadas del Congreso de Custodio de Terreno y Agricultores tienen como objetivo brindar informaci\u00f3n de pre\u00e1mbulo y pertinente a temas e informaci\u00f3n adicional a las sesiones de presentadores en vivo. Estas son accesibles a todo el p\u00fablico y no es necesario registrarse para participar de nuestras sesiones en vivo.<\/span>[\/vc_column_text][\/vc_column][\/vc_row][vc_row][vc_column][vc_separator color=\u00bbgreen\u00bb css_animation=\u00bbfadeIn\u00bb][\/vc_column][\/vc_row][vc_row][vc_column width=\u00bb1\/2&#8243;][vc_column_text css_animation=\u00bbfadeIn\u00bb]<span style=\"color: #333333;\">Todos los colaboradores han enviado<b> material y recursos educativos <\/b>de sus respectivas agencias (folletos, presentaciones de sus programas, hojas de solicitudes, hojas con informaci\u00f3n contacto de sus oficinas etc). Nos hemos dado la tarea de recopilar toda esta informaci\u00f3n y organizarla en f\u00f3lder del <em>drive<\/em> de Cafiesencia. Presionar <a style=\"color: #333333;\" href=\"https:\/\/drive.google.com\/drive\/folders\/1Gr1l_UCvMqWOr8Ddm4VCIuJkYm4fVfhF?usp=sharing\">aqu\u00ed<\/a> o la imagen de la nube para ir a la nube de archivos\u00a0 y poder descargar el material gratuitamente.<\/span>[\/vc_column_text][\/vc_column][vc_column width=\u00bb1\/2&#8243;][vc_single_image image=\u00bb1982&#8243; add_caption=\u00bbyes\u00bb onclick=\u00bbcustom_link\u00bb css_animation=\u00bbfadeIn\u00bb title=\u00bbNube de archivos educativos\u00bb link=\u00bbhttps:\/\/drive.google.com\/drive\/folders\/1Gr1l_UCvMqWOr8Ddm4VCIuJkYm4fVfhF?usp=sharing\u00bb][\/vc_column][\/vc_row][vc_row][vc_column][vc_empty_space height=\u00bb50px\u00bb][vc_empty_space height=\u00bb50px\u00bb][vc_video link=\u00bbhttps:\/\/vimeo.com\/526222449&#8243; align=\u00bbcenter\u00bb css_animation=\u00bbfadeIn\u00bb title=\u00bb\u00c1rboles en sistema de agricultura sostenible\u00bb][\/vc_column][\/vc_row][vc_row][vc_column][\/vc_column][\/vc_row][vc_row][vc_column][vc_column_text css_animation=\u00bbfadeIn\u00bb]<\/p>\n<p style=\"text-align: center;\"><span style=\"font-family: arial, sans-serif;\"><strong>Nelson Alvarez Febles, es ec\u00f3logo social y especialista en agroecolog\u00eda.<\/strong> <\/span><\/p>\n<p>[\/vc_column_text][\/vc_column][\/vc_row][vc_row][vc_column][vc_empty_space height=\u00bb50px\u00bb][vc_video link=\u00bbhttps:\/\/vimeo.com\/526274538&#8243; title=\u00bbUso de Drones en la Agricultura\u00bb][\/vc_column][\/vc_row][vc_row][vc_column][vc_column_text css_animation=\u00bbfadeIn\u00bb]<\/p>\n<p style=\"text-align: center;\"><span style=\"font-family: arial, sans-serif;\"><strong>La Dra. Elvia Mel\u00e9ndez Ackerman es ec\u00f3loga y profesora de la <a href=\"https:\/\/natsci.uprrp.edu\/\">Facultad de Ciencias Naturales de la Universidad de Puerto Rico<\/a>, Recinto de R\u00edo Piedras.<\/strong> <\/span><\/p>\n<p>[\/vc_column_text][\/vc_column][\/vc_row][vc_row][vc_column][vc_empty_space height=\u00bb50px\u00bb][vc_video link=\u00bbhttps:\/\/vimeo.com\/526253383&#8243; title=\u00bbP\u00e1jaros en servicios ecosist\u00e9micos\u00bb][vc_column_text]<\/p>\n<p style=\"text-align: center;\"><span style=\"font-family: arial, sans-serif;\"><strong>La Dra. Adrianne Tossas es profesora en la Universidad de Puerto Rico, Recinto de Aguadilla y presidenta de <a href=\"https:\/\/www.birdscaribbean.org\/\">Bird Caribbean<\/a>.<\/strong> <\/span><\/p>\n<p>[\/vc_column_text][\/vc_column][\/vc_row][vc_row][vc_column][vc_empty_space height=\u00bb50px\u00bb][vc_video link=\u00bbhttps:\/\/vimeo.com\/527467700&#8243; css_animation=\u00bbnone\u00bb title=\u00bbIniciativa para la restauraci\u00f3n del paisaje\u00bb][vc_column_text css_animation=\u00bbfadeIn\u00bb][vc_row][vc_column width=\u00bb1\/1&#8243;][vc_column_text]<\/p>\n<p style=\"text-align: center;\"><strong>\u00a0Isela Ortiz es la administradora del <a href=\"https:\/\/id-id.facebook.com\/groups\/3148747535171204\/?ref=pages_profile_groups_tab&amp;source_id=129827487107349\">Distrito de Conservaci\u00f3n de Suelos y Agua del Suroeste.<\/a><\/strong><\/p>\n<p>[\/vc_column_text][\/vc_column][\/vc_row][vc_row][vc_column][vc_empty_space height=\u00bb50px\u00bb][vc_video link=\u00bbhttps:\/\/vimeo.com\/530579832&#8243; title=\u00bbOrientaci\u00f3n sobre programas y servicios de agencias Federales y Estatales\u00bb][vc_column_text]<\/p>\n<p style=\"text-align: center;\"><span style=\"font-family: arial, sans-serif;\"><strong>Sobre agencias que dan apoyo a custodios de terrenos y agricultores.<\/strong><\/span><\/p>\n<p>[\/vc_column_text][\/vc_column][\/vc_row]<\/p>\n<\/div>","protected":false},"excerpt":{"rendered":"<p>[vc_row][vc_column][vc_column_text]Las sesiones pregrabadas del Congreso de Custodio de Terreno y Agricultores tienen como objetivo brindar informaci\u00f3n de pre\u00e1mbulo y pertinente a temas e informaci\u00f3n adicional a las sesiones de presentadores en vivo. Estas son&hellip;<\/p>\n","protected":false},"author":2,"featured_media":0,"parent":0,"menu_order":0,"comment_status":"closed","ping_status":"closed","template":"","meta":{"footnotes":""},"class_list":["post-1953","page","type-page","status-publish","hentry"],"_links":{"self":[{"href":"https:\/\/www.congresocustodiospr.org\/index.php?rest_route=\/wp\/v2\/pages\/1953","targetHints":{"allow":["GET"]}}],"collection":[{"href":"https:\/\/www.congresocustodiospr.org\/index.php?rest_route=\/wp\/v2\/pages"}],"about":[{"href":"https:\/\/www.congresocustodiospr.org\/index.php?rest_route=\/wp\/v2\/types\/page"}],"author":[{"embeddable":true,"href":"https:\/\/www.congresocustodiospr.org\/index.php?rest_route=\/wp\/v2\/users\/2"}],"replies":[{"embeddable":true,"href":"https:\/\/www.congresocustodiospr.org\/index.php?rest_route=%2Fwp%2Fv2%2Fcomments&post=1953"}],"version-history":[{"count":0,"href":"https:\/\/www.congresocustodiospr.org\/index.php?rest_route=\/wp\/v2\/pages\/1953\/revisions"}],"wp:attachment":[{"href":"https:\/\/www.congresocustodiospr.org\/index.php?rest_route=%2Fwp%2Fv2%2Fmedia&parent=1953"}],"curies":[{"name":"wp","href":"https:\/\/api.w.org\/{rel}","templated":true}]}}