{"id":2048,"date":"2021-04-20T19:45:41","date_gmt":"2021-04-20T19:45:41","guid":{"rendered":"https:\/\/www.congresocustodiospr.org\/?page_id=2048"},"modified":"2021-06-01T14:24:08","modified_gmt":"2021-06-01T14:24:08","slug":"dia-2-economico","status":"publish","type":"page","link":"https:\/\/www.congresocustodiospr.org\/?page_id=2048","title":{"rendered":"D\u00cdA 2: ECON\u00d3MICO"},"content":{"rendered":"<div class=\"wpb-content-wrapper\"><p>[vc_row][vc_column][vc_video link=\u00bbhttps:\/\/vimeo.com\/539194930&#8243; align=\u00bbcenter\u00bb css_animation=\u00bbfadeIn\u00bb][\/vc_column][\/vc_row][vc_row][vc_column][vc_column_text css_animation=\u00bbfadeIn\u00bb]El s\u00e1bado 10 de abril presentaron de <a href=\"https:\/\/www.congresocustodiospr.org\/speaker\/tavarez\/\">Dr. H\u00e9ctor Tav\u00e1rez<\/a>, Universidad de Puerto Rico, Recinto de Mayag\u00fcez, <a href=\"https:\/\/www.congresocustodiospr.org\/speaker\/santiago\/\">Dr. Luis Santiago<\/a>, University of Central Florida, y el <span style=\"color: #333333;\"><a style=\"color: #333333;\" href=\"https:\/\/www.congresocustodiospr.org\/speaker\/navarrete\/\">Ing. Gilmar Navarrete<\/a>, Fondo Nacional de Financiamiento Forestal (FONAFIFO), Costa Rica. Terminando el segundo d\u00eda con un interesante conversatorio moderador por la productora Mar\u00eda Falc\u00f3n:<\/span><\/p>\n<ul>\n<li><span style=\"color: #333333;\">David Mart\u00ednez , Manejador <a href=\"http:\/\/www.cafelarenopr.com\">Finca de Caf\u00e9 Lare\u00f1o<\/a> (Puerto Rico)<\/span><\/li>\n<li><span style=\"color: #333333;\">Isabel Gonz\u00e1lez, Agroempresaria y Ganadera (Puerto Rico)<\/span><\/li>\n<li><span style=\"color: #333333;\">Evelyn B\u00e1ez Colon, estudiante graduada, Universidad de Puerto Rico y propietaria Hacienda Agroecol\u00f3gica Renacer (Puerto Rico)<\/span><\/li>\n<li><span style=\"color: #333333;\">Nildamarie D\u00edaz, Representante Turismo Sostenible, Compa\u00f1\u00eda de Turismo (Puerto Rico)<\/span><\/li>\n<li><span style=\"color: #333333;\">Farel Vel\u00e1zquez, Director Departamento de Recursos Naturales y Ambientales (Puerto Rico)<\/span><\/li>\n<\/ul>\n<p>[\/vc_column_text][\/vc_column][\/vc_row][vc_row][vc_column][vc_text_separator title=\u00bbPREGUNTAS, RESPUESTAS Y COMENTARIO\u00bb color=\u00bbgreen\u00bb border_width=\u00bb4&#8243; css_animation=\u00bbfadeIn\u00bb][\/vc_column][\/vc_row][vc_row][vc_column][vc_column_text css_animation=\u00bbfadeIn\u00bb]<span style=\"color: #333333;\">Como parte de documentar todo el Congreso, a continuaci\u00f3n se contestan las preguntas que no pudieron ser\u00a0 atendidas ese d\u00eda (por falta de tiempo). Presione en las misma para revelar la respuesta.<\/span>[\/vc_column_text][\/vc_column][\/vc_row][vc_row][vc_column][vc_toggle title=\u00bbTengo una finca que posee varias de las cualidades que se\u00f1alan en las iniciativas. Me interesa como obtener mas informaci\u00f3n.\u00bb style=\u00bbsquare\u00bb color=\u00bbgreen\u00bb size=\u00bblg\u00bb css_animation=\u00bbfadeIn\u00bb]<span style=\"color: #333333;\">Para la parte de proyectos de agroturismo puede comunicarse con <a style=\"color: #333333;\" href=\"http:\/\/www.prtourism.com\">www.prtourism.com<\/a>. Tambi\u00e9n puede enviar correo electr\u00f3nico a <a style=\"color: #333333;\" href=\"mailto:Nildamarie.diaz@tourism.pr.gov\">Nildamarie.diaz@tourism.pr.gov<\/a>\u00a0 787-721-24000 X 2062. Para contacto con el DRNA puede comunicarse con el Negociado de \u00c1reas Naturales Protegidos y Servicios Forestales 787-999-2200 ext. 2696.<\/span><\/p>\n<p><span style=\"color: #333333;\">Tambi\u00e9n puede escribir al correo electr\u00f3nico del Congreso para m\u00e1s recomendaciones y opciones: <\/span><a href=\"mailto:info@congresocustodiospr.org\"><span style=\"color: #333333;\">info@congresocustodiospr.org<\/span><\/a>[\/vc_toggle][vc_toggle title=\u00bb\u00bfLos servicios ecosist\u00e9micos de la polinizaci\u00f3n se est\u00e1n evaluando en alg\u00fan cultivo en Puerto Rico?\u00bb style=\u00bbsquare\u00bb color=\u00bbgreen\u00bb size=\u00bblg\u00bb css_animation=\u00bbfadeIn\u00bb]<span style=\"color: #333333;\">No tenemos detalles de este tipo de actividad en Puerto Rico. Incluimos un folleto del tema aplicado en Chile y reconocemos que puede ser una alternativa de integrar este tipo de pago en lugares que se promuevan cultivos particulares que se puedan beneficiar de la presencia de polinizadores como ser\u00edan las \u00e1reas de cultivo de caf\u00e9.<\/span><\/p>\n<p><span style=\"color: #333333;\">Folleto de Chile<\/span>: <a href=\"ttp:\/\/www.fao.org\/3\/i6663s\/i6663s.pdf\">http:\/\/www.fao.org\/3\/i6663s\/i6663s.pdf<\/a><\/p>\n<p>[\/vc_toggle][vc_toggle title=\u00bbIncluimos Tabla de referencia de la presentaci\u00f3n del Dr. Tavarez\u00bb style=\u00bbsquare\u00bb color=\u00bbgreen\u00bb size=\u00bblg\u00bb css_animation=\u00bbfadeIn\u00bb]<img loading=\"lazy\" decoding=\"async\" class=\"alignnone wp-image-2066\" src=\"https:\/\/www.congresocustodiospr.org\/wp-content\/uploads\/2021\/04\/ref-300x126.jpg\" alt=\"\" width=\"490\" height=\"206\" srcset=\"https:\/\/www.congresocustodiospr.org\/wp-content\/uploads\/2021\/04\/ref-300x126.jpg 300w, https:\/\/www.congresocustodiospr.org\/wp-content\/uploads\/2021\/04\/ref-600x252.jpg 600w, https:\/\/www.congresocustodiospr.org\/wp-content\/uploads\/2021\/04\/ref.jpg 663w\" sizes=\"auto, (max-width: 490px) 100vw, 490px\" \/>[\/vc_toggle][vc_toggle title=\u00bb\u00bfD\u00f3nde se puede conseguir informaci\u00f3n sobre Agricultor Certificado bonafide, los requisitos y c\u00f3mo solicitarlo?\u00bb style=\u00bbsquare\u00bb color=\u00bbgreen\u00bb size=\u00bblg\u00bb css_animation=\u00bbfadeIn\u00bb]<span style=\"color: #333333;\">Puede verificar la p\u00e1gina <a style=\"color: #333333;\" href=\"https:\/\/www.agricultura.pr\/documentos\">https:\/\/www.agricultura.pr\/documentos<\/a> donde puede est\u00e1 la solicitud para individuos o para corporaciones<\/span>[\/vc_toggle][vc_toggle title=\u00bb\u00bfD\u00f3nde se obtiene informaci\u00f3n sobre pago de servicios ambientales?\u00bb style=\u00bbsquare\u00bb color=\u00bbgreen\u00bb size=\u00bblg\u00bb css_animation=\u00bbfadeIn\u00bb]Estamos incluyendo algunos art\u00edculos relacionados a este tema, pero puede ver la p\u00e1gina de FONAFIFO en <a href=\"https:\/\/www.fonafifo.go.cr\/es\/\">https:\/\/www.fonafifo.go.cr\/es\/<\/a> que particip\u00f3 en las presentaciones del Congreso.[\/vc_toggle][vc_toggle title=\u00bb\u00bfExisten grupos u organizaciones que apoyen con desarrollar planes de manejo que ayuden a identificar los potenciales servicios ambientales, en el \u00e1rea del centro de la isla?\u00bb style=\u00bbsquare\u00bb color=\u00bbgreen\u00bb size=\u00bblg\u00bb css_animation=\u00bbfadeIn\u00bb]Puede comunicarse con el Departamento de Recursos Naturales y Ambientales con el Negociado de \u00c1reas Protegidas y Servicios Forestales al 787-999-2200 ext. 2696. Puede ver la presentaci\u00f3n informativa en la p\u00e1gina del Congreso donde hay una presentaci\u00f3n de esta agencia y detalla como la agencia puede ayudar en el desarrollo de planes de manejo bajo el programa <em>Forest Stewardship<\/em>: <a href=\"https:\/\/www.congresocustodiospr.org\/videos\/\">Orientaci\u00f3n sobre programas y servicios de agencias federales y estatales<\/a>[\/vc_toggle][vc_toggle title=\u00bb\u00bfSabe si en alg\u00fan momento se ha intentado reconocer contribuci\u00f3n econ\u00f3mica de recursos naturales a individuos a trav\u00e9s de cr\u00e9dito o deducciones contributivas?\u00bb style=\u00bbsquare\u00bb color=\u00bbgreen\u00bb size=\u00bblg\u00bb css_animation=\u00bbfadeIn\u00bb]Hay ejemplos un poco incompletos o fallidos que se han trabajado y se mencionaron en el Congreso. En el caso de terrenos con Bosques existe la exenci\u00f3n de pago del CRIM bajo el programa de Bosque Auxiliar. Puede ver la presentaci\u00f3n de agencias en <a href=\"https:\/\/www.congresocustodiospr.org\/videos\/\">https:\/\/www.congresocustodiospr.org\/videos\/<\/a><\/p>\n<p>Se habl\u00f3 de la Transferencia de Desarrollo de Derechos de Desarrollo y hay un ejemplo fallido aplicado en San Juan que fue discutido a\u00f1os atr\u00e1s ya que no fue aplicado correctamente. Ver : <a href=\"https:\/\/periodismoinvestigativo.com\/2012\/11\/las-fincas-fantasma-de-santini\/\">https:\/\/periodismoinvestigativo.com\/2012\/11\/las-fincas-fantasma-de-santini\/<\/a><\/p>\n<p>Se desea luego de completar el Congreso seguir el dialogo e integraci\u00f3n de interesados en este tema as\u00ed que recomendamos mantener pendientes de las iniciativas que se estar\u00e1n presentando al concluir las presentaciones del Congreso.[\/vc_toggle][vc_toggle title=\u00bb\u00bfC\u00f3mo incluimos comunidades especiales que no tienen poder econ\u00f3mico o t\u00edtulos de propiedad?\u00bb style=\u00bbsquare\u00bb color=\u00bbgreen\u00bb size=\u00bblg\u00bb css_animation=\u00bbfadeIn\u00bb]<span style=\"color: #333333;\">En este asunto habr\u00eda que buscar alternativas de apoyo y educaci\u00f3n que puedan ser una alternativa que atienda el problema o situaci\u00f3n que limite el t\u00edtulo de propiedad. Es un asunto para resolver antes de aplicar incentivos a nivel de propiedad. Otra opci\u00f3n es considerar proyectos a nivel de comunidad que permita espacios a residentes que, aunque no tengan el t\u00edtulo en orden si sean parte de una comunidad productiva y que el poder trabajar a escala municipal permita considerar recibir alg\u00fan insumo por productos.<\/span>[\/vc_toggle][vc_toggle title=\u00bb\u00bfPor qu\u00e9 es tan dif\u00edcil que todas las agencias trabajen por el mismo fin si al final se quiere proteger el ambiente, los bosques, etc.?\u00bb style=\u00bbsquare\u00bb color=\u00bbgreen\u00bb size=\u00bblg\u00bb css_animation=\u00bbfadeIn\u00bb]Este asunto se trajo varias veces en el conversatorio y las propias agencias participando reconocieron la necesidad de mejorar la integraci\u00f3n de sus iniciativas y programas. Posiblemente el problema es una visi\u00f3n fragmentada del paisaje de parte del gobierno al considerar su manejo y conservaci\u00f3n.\u00a0 Aun que los bosques se asocian con la importancia del recurso agua, ese recurso se maneja y mercadea por otra agencia y agencias como el Departamento de Agricultura y el Departamento de Recursos Naturales y Ambientales no desarrollan una agenda com\u00fan que facilite integrar iniciativas agroforestales.\u00a0 Hay que considerar llevar un mensaje por parte de los Custodios de Terrenos y Agricultores de la necesidad de esa integraci\u00f3n que falta. El mensaje posiblemente requerir\u00e1 insistencia y apoyo de grupos. Al final del conversatorio se habl\u00f3 de integrar un grupo de sistemas agroforestales y de manejo forestal as\u00ed que es algo que consideramos seguir luego del congreso.\u00a0 Los invitamos a seguir la p\u00e1gina del congreso para ver las iniciativas que se esperan trabajar al concluir las presentaciones.[\/vc_toggle][vc_toggle title=\u00bb\u00bfHay alguna instituci\u00f3n financiera en Puerto Rico que ya este usando la valorizaci\u00f3n de asuntos ambientales al momento de analizar solicitudes de financiamiento?\u00bb style=\u00bbsquare\u00bb color=\u00bbgreen\u00bb size=\u00bblg\u00bb css_animation=\u00bbfadeIn\u00bb]No que conozcamos en estos momentos. Uno de los componentes que Costa Rica present\u00f3 fue la integraci\u00f3n de la banca o instituciones financieras en el proceso de gobernanza en el desarrollo del pago por servicios ambientales. Como se indic\u00f3 en el conversatorio hay que trabajar con los ingredientes que tenemos en Puerto Rico para considerar una receta de pago por servicios ambientales realizable y luego ir sumando nuevos proyectos.[\/vc_toggle][vc_toggle title=\u00bb\u00bfEn qu\u00e9 pueblos de Puerto Rico encontramos buenos ejemplos de estas iniciativas conservacionistas?\u00bb style=\u00bbsquare\u00bb color=\u00bbgreen\u00bb size=\u00bblg\u00bb css_animation=\u00bbfadeIn\u00bb]No queremos establecer unos municipios mejores o peores ya que tambi\u00e9n las iniciativas deben ser a nivel de pa\u00eds. Si reconocemos iniciativas que integran varios pueblos bajo un marco de conservaci\u00f3n de paisaje como es el caso del Bosque Modelo Nacional de Puerto Rico. Ver <a href=\"https:\/\/bosquemodelopr.org\/somos\/\">https:\/\/bosquemodelopr.org\/somos\/<\/a> . En las presentaciones del Congreso pautadas para el 24 de abril habr\u00e1 una participaci\u00f3n de ellos.[\/vc_toggle][vc_toggle title=\u00bb\u00bfHay algunas documento o estudio que contenga las referencias de umbrales de diferentes indicadores en Puerto Rico?\u00bb style=\u00bbsquare\u00bb color=\u00bbgreen\u00bb size=\u00bblg\u00bb css_animation=\u00bbfadeIn\u00bb]A nivel de Puerto Rico incluimos los siguientes enlaces que se relacionan mas con calidad de agua e indicadores como macroinvertebrados que se pueden considerar,<\/p>\n<p><a href=\"https:\/\/scholar.uprm.edu\/handle\/20.500.11801\/1753\">https:\/\/scholar.uprm.edu\/handle\/20.500.11801\/1753<\/a><\/p>\n<p><a href=\"http:\/\/www.scielo.org.mx\/scielo.php?script=sci_arttext&amp;pid=S0188-88972016000300433\">http:\/\/www.scielo.org.mx\/scielo.php?script=sci_arttext&amp;pid=S0188-88972016000300433<\/a><\/p>\n<p><a href=\"https:\/\/zenodo.org\/record\/1425834\/files\/Gu%C3%ADa%20Fotogr%C3%A1f.%20Macroinvert.%20Puerto%20Rico.pdf\">https:\/\/zenodo.org\/record\/1425834\/files\/Gu%C3%ADa%20Fotogr%C3%A1f.%20Macroinvert.%20Puerto%20Rico.pdf<\/a><\/p>\n<p>Para otros indicadores o ejemplos recomendamos ver el Sustainability Index for Landcscape Restoration de la WRI en:<\/p>\n<p><a href=\"about:blank\">https:\/\/www.wri.org\/research\/sustainability-index-landscape-restoration<\/a>[\/vc_toggle][vc_toggle title=\u00bb\u00bfQu\u00e9 se recomienda para monitoria y uso de recursos naturales en t\u00e9rminos de econom\u00eda en Puerto Rico?\u00bb style=\u00bbsquare\u00bb color=\u00bbgreen\u00bb size=\u00bblg\u00bb css_animation=\u00bbfadeIn\u00bb]Los recursos naturales son parte de los flujos que consideramos al ver los componentes econ\u00f3micos y por esto se miden como flujos, pero no como activos en los an\u00e1lisis econ\u00f3micos. Hay que considerar valorar, levantar conciencia y reconocer los activos naturales que se relacionan con nuestros productos.\u00a0 En la ecuaci\u00f3n de medir tenemos que considerar no solo el producto sino cuanto queda del recurso que me facilita ese producto.\u00a0 En el caso de aguas subterr\u00e1neas no se mide cuanto queda de ese recurso, pero si como se mercadea y los productos asociados. Hay que cambiar el enfoque y las agencias de Recursos Naturales deben trabajar con las de Fomento econ\u00f3mico para desarrollar mejores mecanismos que monitoreen la cantidad y disponibilidad de recursos que aportan a la econom\u00eda de Puerto Rico. Tambi\u00e9n existe un problema con la informalidad de mercadear o usar los recursos. No se les reconoce un valor a algunos productos asociados a los recursos naturales, como un paisaje, aunque hay turistas que vienen a ver y disfrutar unos paisajes particulares de Puerto Rico.[\/vc_toggle][vc_toggle title=\u00bb\u00bfQu\u00e9 piensa de imponerle un cargo ambiental a los productos y servicios importados que vayan en detrimento de nuestro ambiente (e.g. vertederos y otros impactos)?\u00bb style=\u00bbsquare\u00bb color=\u00bbgreen\u00bb size=\u00bblg\u00bb css_animation=\u00bbfadeIn\u00bb]En el caso de Costa Rica se present\u00f3 un impuesto al petr\u00f3leo y es una alternativa lo que presenta la pregunta. Hay que sentar una mesa de di\u00e1logo a agencias relacionadas al tema ya que en Puerto Rico ya el petr\u00f3leo tiene impuesto dirigidos a otras agencias. La otra visi\u00f3n es valorar los recursos como el agua, que ya tiene un cargo ambiental, y parte de ese cargo se dirija a considerar el pago por servicios ambientales a terrenos privados bajo iniciativas de manejo y conservaci\u00f3n. Con esa l\u00ednea de pensamiento la importaci\u00f3n de agua embotellada puede ser llevada a la mesa de dialogo que estamos recomendando para que tenga un impuesto dirigido a nuestros recursos h\u00eddricos.[\/vc_toggle][vc_toggle title=\u00bb\u00bfLos bancos de mitigaci\u00f3n para el corte y siembra de \u00e1rboles son ejemplos de transferencia de derechos de desarrollo?\u00bb style=\u00bbsquare\u00bb color=\u00bbgreen\u00bb size=\u00bblg\u00bb css_animation=\u00bbfadeIn\u00bb]Las iniciativas de <strong>Mitigaci\u00f3n <\/strong>consideran el conjunto de estrategias, pol\u00edticas y acciones orientadas a limitar o reducir impacto que se aprueban en un lugar.\u00a0 Las mitigaciones pueden ser en el lugar del impacto (como pedir siembras en estacionamientos) o externas al lugar del impacto (como sembrar en otro lugar o proteger un bosque en otro lugar).\u00a0 En el caso de mitigaciones externas la transferencia de derechos de desarrollo es similares, pero no exactamente igual. En la transferencia de derecho de desarrollo se deben reconocer terrenos o zonas de valor ambiental a proteger y no se debe considerar cualquier tipo de terreno como podr\u00eda ser una mitigaci\u00f3n por cuerda impactada.<\/p>\n<p><img loading=\"lazy\" decoding=\"async\" class=\"alignnone wp-image-2069\" src=\"https:\/\/www.congresocustodiospr.org\/wp-content\/uploads\/2021\/04\/mitigacion-300x153.jpg\" alt=\"Diagrama de mitpgacion\" width=\"436\" height=\"222\" srcset=\"https:\/\/www.congresocustodiospr.org\/wp-content\/uploads\/2021\/04\/mitigacion-300x153.jpg 300w, https:\/\/www.congresocustodiospr.org\/wp-content\/uploads\/2021\/04\/mitigacion-600x306.jpg 600w, https:\/\/www.congresocustodiospr.org\/wp-content\/uploads\/2021\/04\/mitigacion.jpg 695w\" sizes=\"auto, (max-width: 436px) 100vw, 436px\" \/><\/p>\n<h6>IMAGEN DE PRESENTACI\u00d3N DEL DR. LUIS SANTIAGO<\/h6>\n<p>[\/vc_toggle][vc_toggle title=\u00bb\u00bfQu\u00e9 libros o manuales recomienda sobre el tema de planificaci\u00f3n forestal sostenible?\u00bb style=\u00bbsquare\u00bb color=\u00bbgreen\u00bb size=\u00bblg\u00bb css_animation=\u00bbfadeIn\u00bb]Incluimos enlaces a varias publicaciones del tema<\/p>\n<p><a href=\"https:\/\/www.researchgate.net\/publication\/334044665_Guia_didactica_para_la_silvicultura_de_bosques_secundarios_y_degradados_de_Centroamerica\">https:\/\/www.researchgate.net\/publication\/334044665_Guia_didactica_para_la_silvicultura_de_bosques_secundarios_y_degradados_de_Centroamerica<\/a><\/p>\n<p><a href=\"https:\/\/www.researchgate.net\/publication\/330542381_Manual_para_el_monitoreo_ecologico_y_productivo_de_bosques_secundarios_latifoliados_de_Mesoamerica\">https:\/\/www.researchgate.net\/publication\/330542381_Manual_para_el_monitoreo_ecologico_y_productivo_de_bosques_secundarios_latifoliados_de_Mesoamerica<\/a><\/p>\n<p><a href=\"https:\/\/www.researchgate.net\/publication\/310606072_Natural_regeneration_as_a_tool_for_large-scale_forest_restoration_in_the_tropics_prospects_and_challenges\">https:\/\/www.researchgate.net\/publication\/310606072_Natural_regeneration_as_a_tool_for_large-scale_forest_restoration_in_the_tropics_prospects_and_challenges<\/a><\/p>\n<p><a href=\"http:\/\/repositorio.bibliotecaorton.catie.ac.cr\/handle\/11554\/3971\">http:\/\/repositorio.bibliotecaorton.catie.ac.cr\/handle\/11554\/3971<\/a><\/p>\n<p><a href=\"https:\/\/www.uprm.edu\/oscarabelleira\/wp-content\/uploads\/sites\/119\/2017\/08\/Wadsworth-1997-USDA-FS-710-Espanol.pdf\">https:\/\/www.uprm.edu\/oscarabelleira\/wp-content\/uploads\/sites\/119\/2017\/08\/Wadsworth-1997-USDA-FS-710-Espanol.pdf<\/a><\/p>\n<p><a href=\"http:\/\/www.fao.org\/fileadmin\/user_upload\/training_material\/docs\/Aprovechamiento%20de%20impacto%20reducido%20en%20bosques%20latifoliados.pdf\">http:\/\/www.fao.org\/fileadmin\/user_upload\/training_material\/docs\/Aprovechamiento%20de%20impacto%20reducido%20en%20bosques%20latifoliados.pdf<\/a>[\/vc_toggle][vc_toggle title=\u00bbInformaci\u00f3n del proyecto de huella de Carbono de los turistas y viajeros en Costa Rica\u00bb style=\u00bbsquare\u00bb color=\u00bbgreen\u00bb size=\u00bblg\u00bb css_animation=\u00bbfadeIn\u00bb]<a href=\"https:\/\/www.revistaviajesdigital.com\/rutas-centroamerica\/1800-turistas-podran-compensar-la-huella-de-carbono-de-sus-viajes-y-apoyar-una-economia-verde-en-costa-rica\">https:\/\/www.revistaviajesdigital.com\/rutas-centroamerica\/1800-turistas-podran-compensar-la-huella-de-carbono-de-sus-viajes-y-apoyar-una-economia-verde-en-costa-rica<\/a><\/p>\n<p><a href=\"https:\/\/www.nacion.com\/economia\/politica-economica\/costa-rica-invita-a-turistas-a-compensar-la-huella\/IBPY7WZ6RFHZPPB2RAPJURUVBY\/story\/\">https:\/\/www.nacion.com\/economia\/politica-economica\/costa-rica-invita-a-turistas-a-compensar-la-huella\/IBPY7WZ6RFHZPPB2RAPJURUVBY\/story\/<\/a><\/p>\n<p><a href=\"https:\/\/www.fonafifo.go.cr\/es\/calculadora\/\">https:\/\/www.fonafifo.go.cr\/es\/calculadora\/<\/a>[\/vc_toggle][vc_toggle title=\u00bbSobre la protecci\u00f3n de especies end\u00e9micas vulnerables o en peligro de extinci\u00f3n para el pago por servicios ambientales en Costa Rica.\u00bb style=\u00bbsquare\u00bb color=\u00bbgreen\u00bb size=\u00bblg\u00bb css_animation=\u00bbfadeIn\u00bb]La Ley Forestal reconoce este componente (Ley Forestal No. 7575, abril 1996, Articulo 3, inciso K, Definici\u00f3n de Servicios Ambientales):<\/p>\n<ul>\n<li>Mitigaci\u00f3n de gases de efecto invernadero<\/li>\n<li>Protecci\u00f3n del Recurso H\u00eddrico<\/li>\n<li>Protecci\u00f3n de la Biodiversidad<\/li>\n<li>Belleza esc\u00e9nica<\/li>\n<\/ul>\n<p>Adem\u00e1s, en la matriz de evaluaci\u00f3n se consideran varios componentes relacionados a vida silvestre donde se incluir\u00edan las especies mencionadas. Es importante considerar que el enfoque es de pago por servicios ambientales y no por presencia de individuos o especies particulares. Lo que se busca es proteger el h\u00e1bitat que puede tener estas especies o que se puede manejar para que esta especie pueda llegar. Ver matriz incluida.<\/p>\n<p><span style=\"color: #333333;\">\u00a0<\/span><img loading=\"lazy\" decoding=\"async\" class=\"alignnone wp-image-2071 \" src=\"https:\/\/www.congresocustodiospr.org\/wp-content\/uploads\/2021\/04\/matriz-300x283.jpg\" alt=\"\" width=\"364\" height=\"343\" srcset=\"https:\/\/www.congresocustodiospr.org\/wp-content\/uploads\/2021\/04\/matriz-300x283.jpg 300w, https:\/\/www.congresocustodiospr.org\/wp-content\/uploads\/2021\/04\/matriz-600x565.jpg 600w, https:\/\/www.congresocustodiospr.org\/wp-content\/uploads\/2021\/04\/matriz.jpg 670w\" sizes=\"auto, (max-width: 364px) 100vw, 364px\" \/><\/p>\n<p><strong>Ejemplos de pagos por Servicios Ambientales aplicados por FONAFIFO en Costa Rica <\/strong><\/p>\n<p><img loading=\"lazy\" decoding=\"async\" class=\"alignnone size-medium wp-image-2072\" src=\"https:\/\/www.congresocustodiospr.org\/wp-content\/uploads\/2021\/04\/pago-300x184.jpg\" alt=\"Modalidades de pago\" width=\"300\" height=\"184\" srcset=\"https:\/\/www.congresocustodiospr.org\/wp-content\/uploads\/2021\/04\/pago-300x184.jpg 300w, https:\/\/www.congresocustodiospr.org\/wp-content\/uploads\/2021\/04\/pago-600x368.jpg 600w, https:\/\/www.congresocustodiospr.org\/wp-content\/uploads\/2021\/04\/pago.jpg 692w\" sizes=\"auto, (max-width: 300px) 100vw, 300px\" \/>[\/vc_toggle][vc_toggle title=\u00bb\u00bfCu\u00e1l es el n\u00famero de la ley de bosques de Puerto Rico?\u00bb style=\u00bbsquare\u00bb color=\u00bbgreen\u00bb size=\u00bblg\u00bb css_animation=\u00bbfadeIn\u00bb]Ley de Bosques de Puerto Rico Ley 133 de 1 de julio de 1975 seg\u00fan enmendada. Enlace para poder ver la ley.<\/p>\n<p><a href=\"http:\/\/www.bvirtual.ogp.pr.gov\/ogp\/Bvirtual\/leyesreferencia\/PDF\/Recursos%20Naturales\/133-1975\/133-1975.pdf\">http:\/\/www.bvirtual.ogp.pr.gov\/ogp\/Bvirtual\/leyesreferencia\/PDF\/Recursos%20Naturales\/133-1975\/133-1975.pdf<\/a><\/p>\n<p>Se discute en el conversatorio la posibilidad de enmendar y actualizar la Ley y es uno de los asuntos a considerar como actividades a realizar una vez terminen las presentaciones del Congreso. En este punto consideramos la pregunta : \u00bfCu\u00e1l es el plan concreto del DRNA para actualizar la Ley de Bosques y proveer ayuda a los custodios de terreno, m\u00e1s all\u00e1 del programa de Bosque Auxiliar?<\/p>\n<p>Esperamos crear un comit\u00e9 de dialogo de Custodios de Terrenos y Agricultores que encamine un plan concreto para actualizar la Ley. Estaremos informando de esta iniciativa luego de completar las presentaciones del Congreso.[\/vc_toggle][vc_toggle title=\u00bb\u00bfCu\u00e1l es el pago que se hace a un regente de bosque en Costa Rica para la evaluaci\u00f3n t\u00e9cnica que encamina un pago por servicios ambientales?\u00bb style=\u00bbsquare\u00bb color=\u00bbgreen\u00bb size=\u00bblg\u00bb css_animation=\u00bbfadeIn\u00bb]Escribimos para una contestaci\u00f3n mas detallada a los colegas de Costa Rica sobre esta pregunta para tener detalles no solo del pago sino tambi\u00e9n del tipo de preparaci\u00f3n, si hay alguna licencia o detalles de experiencia para hacer este tipo de trabajo.\u00a0 Estaremos poniendo una contestaci\u00f3n detallada pr\u00f3ximamente.[\/vc_toggle][vc_toggle title=\u00bb\u00bfC\u00f3mo se contacta la Oficina de Agroturismo?\u00bb style=\u00bbsquare\u00bb color=\u00bbgreen\u00bb size=\u00bblg\u00bb css_animation=\u00bbfadeIn\u00bb]Escribimos para una contestaci\u00f3n mas detallada a los colegas de Costa Rica sobre esta pregunta para tener detalles no solo del pago sino tambi\u00e9n del tipo de preparaci\u00f3n, si hay alguna licencia o detalles de experiencia para hacer este tipo de trabajo.\u00a0 Estaremos poniendo una contestaci\u00f3n detallada pr\u00f3ximamente.<\/p>\n<p>P\u00e1gina Web es <a href=\"http:\/\/www.prtourism.com\">www.prtourism.com<\/a>. Tambi\u00e9n pueden enviar correo electr\u00f3nico a\u00a0<a href=\"maito:Nildamarie.diaz@tourism.pr.gov\">Nildamarie.diaz@tourism.pr.gov <\/a>y <a href=\"mailto:Nilda.luhring@tourism.pr.gov\">Nilda.luhring@tourism.pr.gov<\/a><\/p>\n<p>&nbsp;<\/p>\n<p>&nbsp;<\/p>\n<p><span style=\"color: #333333;\">\u00a0<\/span>[\/vc_toggle][\/vc_column][\/vc_row]<\/p>\n<\/div>","protected":false},"excerpt":{"rendered":"<p>[vc_row][vc_column][vc_video link=\u00bbhttps:\/\/vimeo.com\/539194930&#8243; align=\u00bbcenter\u00bb css_animation=\u00bbfadeIn\u00bb][\/vc_column][\/vc_row][vc_row][vc_column][vc_column_text css_animation=\u00bbfadeIn\u00bb]El s\u00e1bado 10 de abril presentaron de Dr. H\u00e9ctor Tav\u00e1rez, Universidad de Puerto Rico, Recinto de Mayag\u00fcez, Dr. Luis Santiago, University of Central Florida, y el Ing. Gilmar Navarrete, Fondo&hellip;<\/p>\n","protected":false},"author":2,"featured_media":0,"parent":0,"menu_order":0,"comment_status":"closed","ping_status":"closed","template":"","meta":{"footnotes":""},"class_list":["post-2048","page","type-page","status-publish","hentry"],"_links":{"self":[{"href":"https:\/\/www.congresocustodiospr.org\/index.php?rest_route=\/wp\/v2\/pages\/2048","targetHints":{"allow":["GET"]}}],"collection":[{"href":"https:\/\/www.congresocustodiospr.org\/index.php?rest_route=\/wp\/v2\/pages"}],"about":[{"href":"https:\/\/www.congresocustodiospr.org\/index.php?rest_route=\/wp\/v2\/types\/page"}],"author":[{"embeddable":true,"href":"https:\/\/www.congresocustodiospr.org\/index.php?rest_route=\/wp\/v2\/users\/2"}],"replies":[{"embeddable":true,"href":"https:\/\/www.congresocustodiospr.org\/index.php?rest_route=%2Fwp%2Fv2%2Fcomments&post=2048"}],"version-history":[{"count":0,"href":"https:\/\/www.congresocustodiospr.org\/index.php?rest_route=\/wp\/v2\/pages\/2048\/revisions"}],"wp:attachment":[{"href":"https:\/\/www.congresocustodiospr.org\/index.php?rest_route=%2Fwp%2Fv2%2Fmedia&parent=2048"}],"curies":[{"name":"wp","href":"https:\/\/api.w.org\/{rel}","templated":true}]}}