{"id":2082,"date":"2021-05-03T15:08:31","date_gmt":"2021-05-03T15:08:31","guid":{"rendered":"https:\/\/www.congresocustodiospr.org\/?page_id=2082"},"modified":"2021-06-01T14:25:06","modified_gmt":"2021-06-01T14:25:06","slug":"dia-3-educativo","status":"publish","type":"page","link":"https:\/\/www.congresocustodiospr.org\/?page_id=2082","title":{"rendered":"D\u00cdA 3: EDUCATIVO"},"content":{"rendered":"<div class=\"wpb-content-wrapper\"><p>[vc_row][vc_column][vc_video link=\u00bbhttps:\/\/vimeo.com\/542432548&#8243; css_animation=\u00bbfadeIn\u00bb][\/vc_column][\/vc_row][vc_row][vc_column][vc_column_text css_animation=\u00bbfadeIn\u00bb]<span style=\"color: #333333;\">El s\u00e1bado 24 de abril presentaron <a href=\"https:\/\/www.congresocustodiospr.org\/speaker\/santos-valderrama\/\">Jos\u00e9 Santos Valderrama<\/a>, Bosque Modelo de Puerto Rico,\u00a0 <a href=\"https:\/\/www.congresocustodiospr.org\/speaker\/karisch-gierer\/\">Dagmar Karisch- Gierer<\/a>, <em>Women in Forestry<\/em> y Red de Mujeres en Bosques, Austria, y del Reino Unido, <a href=\"https:\/\/www.congresocustodiospr.org\/speaker\/ferrer\/\">Dra. Alix Ferrer<\/a> y <a href=\"https:\/\/www.congresocustodiospr.org\/speaker\/corsane\/\">Gerard Corsane<\/a>. Terminando el tercer d\u00eda con un interesante conversatorio moderador por la Profa. Sally Gonz\u00e1lez-Miranda, especialista en forestaci\u00f3n urbana y paisajismo, servicio de extensi\u00f3n, Universidad de Puerto Rico, Recinto de Mayag\u00fcez:<\/span><\/p>\n<ul>\n<li>Millie Cort\u00e9s: Propietaria <a href=\"https:\/\/www.fincaororojo.com\">Finca Oro Rojo<\/a>, Orocovis, (Puerto Rico)<\/li>\n<li>Hon. Wilfredo \u201cJuny\u201d Ruiz: Caficultor y alcalde de Maricao, (Puerto Rico)<\/li>\n<li>Jennifer Rivera-San Antonio: Estudiante graduada Universidad de Puerto Rico, Recinto de Mayag\u00fcez e inspectora de productos agr\u00edcolas USDA<\/li>\n<li>Marian Mart\u00ednez: Caficultora y directora de agricultura del municipio de Yauco, (Puerto Rico)<\/li>\n<\/ul>\n<p>[\/vc_column_text][\/vc_column][\/vc_row][vc_row][vc_column][vc_text_separator title=\u00bbPREGUNTAS, RESPUESTAS Y COMENTARIO\u00bb color=\u00bbgreen\u00bb border_width=\u00bb4&#8243; css_animation=\u00bbfadeIn\u00bb][\/vc_column][\/vc_row][vc_row][vc_column][vc_column_text css_animation=\u00bbfadeIn\u00bb]<span style=\"color: #333333;\">Como parte de documentar todo el Congreso, a continuaci\u00f3n se contestan las preguntas que no pudieron ser\u00a0 atendidas ese d\u00eda (por falta de tiempo). Presione en las misma para revelar la respuesta.<\/span>[\/vc_column_text][\/vc_column][\/vc_row][vc_row][vc_column][vc_toggle title=\u00bb\u00bfTienen alguna p\u00e1gina en Facebook o en otro website donde se puedan descargar las presentaciones de los 3 d\u00edas de conferencias?\u00bb style=\u00bbsquare\u00bb color=\u00bbgreen\u00bb size=\u00bblg\u00bb css_animation=\u00bbfadeIn\u00bb]<span style=\"color: #333333;\">En nuestra p\u00e1gina est\u00e1n ya publicadas:<a style=\"color: #333333;\" href=\"https:\/\/www.congresocustodiospr.org\/dia-1-tecnico-y-cientifico\/\">D\u00eda 1<\/a>, <a style=\"color: #333333;\" href=\"https:\/\/www.congresocustodiospr.org\/dia-2-economico\/\">D\u00eda 2<\/a> y adem\u00e1s <a style=\"color: #333333;\" href=\"https:\/\/www.congresocustodiospr.org\/videos\/\">Recursos Educativos<\/a>.<\/span>[\/vc_toggle][vc_toggle title=\u00bb\u00bfCu\u00e1l es el tel\u00e9fono o los tel\u00e9fonos del Centro para la Conservaci\u00f3n del Paisaje (CCP) de Puerto Rico y cu\u00e1l es la direcci\u00f3n f\u00edsica y postal de esa organizaci\u00f3n?\u00bb style=\u00bbsquare\u00bb color=\u00bbgreen\u00bb size=\u00bblg\u00bb css_animation=\u00bbfadeIn\u00bb]<span style=\"color: #333333;\">Puede contactar en la p\u00e1gina de <a href=\"https:\/\/www.facebook.com\/manejoregional\/\">Facebook<\/a>.<br \/>\n<\/span>[\/vc_toggle][vc_toggle title=\u00bb\u00bfCu\u00e1les son los contactos y n\u00fameros de tel\u00e9fonos e emails para el Programa de Pago por Servicios Ambientales en Puerto Rico?\u00bb style=\u00bbsquare\u00bb color=\u00bbgreen\u00bb size=\u00bblg\u00bb css_animation=\u00bbfadeIn\u00bb]<span style=\"color: #333333;\">Al momento este programa no existe en Puerto Rico. Se trajo el ejemplo de Costa Rica para evaluarlo para Puerto Rico.<\/span>[\/vc_toggle][vc_toggle title=\u00bb\u00bfCu\u00e1l es la ley nueva sobre todo lo relacionado a Bosque auxiliar y d\u00f3nde se consigue?\u00bb style=\u00bbsquare\u00bb color=\u00bbgreen\u00bb size=\u00bblg\u00bb css_animation=\u00bbfadeIn\u00bb]<span style=\"color: #333333;\">En la pagina del Congreso puede ver la presentaci\u00f3n pregrabada del Congreso del DRNA que explica el concepto y\u00a0 documentos relacionados. Ver <a style=\"color: #333333;\" href=\"https:\/\/www.congresocustodiospr.org\/videos\/\">Recursos Educativos.<\/a><br \/>\n<\/span>[\/vc_toggle][vc_toggle title=\u00bb\u00bfQui\u00e9n es el contacto y oficina para dar orientaci\u00f3n y recibir las solicitudes para Bosque Auxiliar?\u00bb style=\u00bbsquare\u00bb color=\u00bbgreen\u00bb size=\u00bblg\u00bb css_animation=\u00bbfadeIn\u00bb]<span style=\"color: #333333;\">Para <a href=\"https:\/\/www.drna.pr.gov\/programas-y-proyectos\/programa-de-bosques-auxiliares\/#:~:text=Los%20terrenos%20privados%20designados%20como,y%20requisitos%20m%C3%ADnimos%20del%20Programa\">orientaci\u00f3n y solicitudes.<\/a><br \/>\n<\/span>[\/vc_toggle][vc_toggle title=\u00bb\u00bfQui\u00e9n es el contacto y oficina para dar orientaci\u00f3n y recibir las solicitudes de Certificaci\u00f3n de Agricultor Bonafide en el Departamento de Agricultura de PR?\u00bb style=\u00bbsquare\u00bb color=\u00bbgreen\u00bb size=\u00bblg\u00bb css_animation=\u00bbfadeIn\u00bb]<span style=\"color: #333333;\">Debe dirigirse directamente al <a href=\"https:\/\/www.agricultura.pr\">Departamento de Agricultura<\/a>.<\/span>[\/vc_toggle][vc_toggle title=\u00bb\u00bfCu\u00e1l es el tel\u00e9fono o los tel\u00e9fonos del Programa de Bosques Estatales y Privados del Servicio Forestal del USDA y cu\u00e1l es la direcci\u00f3n f\u00edsica y postal de esa oficina?\u00bb style=\u00bbsquare\u00bb color=\u00bbgreen\u00bb size=\u00bblg\u00bb css_animation=\u00bbfadeIn\u00bb]<span style=\"color: #333333;\">Puede contactar a: Maya Qui\u00f1ones, <em>Natural Resources Specialist,<\/em> Jard\u00edn Bot\u00e1nico Sur, 1201 Calle Ceiba, San Juan, Puerto Rico, 00926-1119. Fax: 787-766-6302<\/span><\/p>\n<p><span style=\"color: #333333;\">\u00a0<\/span>[\/vc_toggle][vc_toggle title=\u00bb\u00bfQu\u00e9 porciento de los acueductos comunitarios trabajan con solar? \u00bfSe sabe que porciento de los acueductos comunitarios han tratado de fuctionar con energia solar despues de Maria?\u00bb style=\u00bbsquare\u00bb color=\u00bbgreen\u00bb size=\u00bblg\u00bb css_animation=\u00bbfadeIn\u00bb]<span style=\"color: #333333;\">Puede contactar a: Jos\u00e9 Santos Valderrama, Coordinador General de Bosque Modelo de Puerto Rico: <a href=\"mailto:jose@bosquemodelopr.org\"><span style=\"color: #333333;\">jose@bosquemodelopr.org<\/span><\/a> <\/span><\/p>\n<p><span style=\"color: #333333;\">\u00a0<\/span>[\/vc_toggle][vc_toggle title=\u00bb\u00bfPodemos conseguir la referencia de Ramos Pagan 2015 sobre el n\u00famero de personas que depende de acueductos comunitarios?\u00bb style=\u00bbsquare\u00bb color=\u00bbgreen\u00bb size=\u00bblg\u00bb css_animation=\u00bbfadeIn\u00bb]<span style=\"color: #333333;\">Puede contactar a: Jos\u00e9 Santos Valderrama, Coordinador General de Bosque Modelo de Puerto Rico: <a href=\"mailto:jose@bosquemodelopr.org\"><span style=\"color: #333333;\">jose@bosquemodelopr.org<\/span><\/a> <\/span><\/p>\n<p><span style=\"color: #333333;\">\u00a0<\/span>[\/vc_toggle][vc_toggle title=\u00bb\u00bfCu\u00e1les son las iniciativas del Bosque Modelo en relaci\u00f3n al manejo forestal dentro de la huella del mismo?\u00bb style=\u00bbsquare\u00bb color=\u00bbgreen\u00bb size=\u00bblg\u00bb css_animation=\u00bbfadeIn\u00bb]<span style=\"color: #333333;\">Puede contactar a: Jos\u00e9 Santos Valderrama, Coordinador General de Bosque Modelo de Puerto Rico: <a href=\"mailto:jose@bosquemodelopr.org\"><span style=\"color: #333333;\">jose@bosquemodelopr.org<\/span><\/a> <\/span><\/p>\n<p><span style=\"color: #333333;\">\u00a0<\/span>[\/vc_toggle][vc_toggle title=\u00bbDentro de la creaci\u00f3n de la AAA (Acueductos), \u00bfexiste alguna instrucci\u00f2n que est\u00e8 relacionada a la asistencia tecnica-econ\u00f3mica de los acueductos comunitarios?\u00bb style=\u00bbsquare\u00bb color=\u00bbgreen\u00bb size=\u00bblg\u00bb css_animation=\u00bbfadeIn\u00bb]<span style=\"color: #333333;\">La contestaci\u00f3n fue en vivo y se indic\u00f3 que es el Departamento de Salud el que mantiene una oficina de contacto. Ver la grabaci\u00f3n para los detalles. <\/span><\/p>\n<p><span style=\"color: #333333;\">\u00a0<\/span>[\/vc_toggle][vc_toggle title=\u00bb\u00bfExiste alguna asociaci\u00f3n de juntas que operan acueductos comunitarios?\u00bb style=\u00bbsquare\u00bb color=\u00bbgreen\u00bb size=\u00bblg\u00bb css_animation=\u00bbfadeIn\u00bb]<span style=\"color: #333333;\">Existe la Organizaci\u00f3n de Sistemas Non Prasa (OSAN), es una iniciativa que tiene cerca de 66 comunidades afiliadas y esta caminando en esa direcci\u00f3n (Urb. Bairoa Calle 30 AP7, <span class=\"company_city\">Caguas<\/span> \u200b,\u00a0<span class=\"company_region\">PR<\/span>, <span class=\"company_postal\"> 00725<\/span> , <span class=\"profile-phone-element\">787 672-6853<\/span>). <a style=\"color: #333333;\" href=\"https:\/\/www.fcpr.org\">Fundaci\u00f3n Comunitaria de Puerto Rico<\/a> tiene un fondo privado para apoyar en la creaci\u00f3n de esa organizaci\u00f3n a nivel nacional.<\/span><\/p>\n<p><span style=\"color: #333333;\">\u00a0<\/span>[\/vc_toggle][vc_toggle title=\u00bb\u00bfEl Fideicomiso del Bosque Modelo de PR puede comprar fincas zonificadas bosque o no las compran?\u00bb style=\u00bbsquare\u00bb color=\u00bbgreen\u00bb size=\u00bblg\u00bb css_animation=\u00bbfadeIn\u00bb]<span style=\"color: #333333;\">Si, pudiera adquirir tierras. La Ley 182 que crea el Bosque Modelo de Puerto Rico y la estructura legal del Fideicomiso le permite esas facultades. Puede contactar a: Jos\u00e9 Santos Valderrama, Coordinador General de Bosque Modelo de Puerto Rico: <a href=\"mailto:jose@bosquemodelopr.org\"><span style=\"color: #333333;\">jose@bosquemodelopr.org<\/span><\/a> <\/span><\/p>\n<p><span style=\"color: #333333;\">\u00a0<\/span>[\/vc_toggle][vc_toggle title=\u00bb\u00bfExiste alguna asociaci\u00f3n de juntas que operan acueductos comunitarios?\u00bb style=\u00bbsquare\u00bb color=\u00bbgreen\u00bb size=\u00bblg\u00bb css_animation=\u00bbfadeIn\u00bb]<span style=\"color: #333333;\">Existe la Organizaci\u00f3n de Sistemas Non Prasa (OSAN), es una iniciativa que tiene cerca de 66 comunidades afiliadas y esta caminando en esa direcci\u00f3n (Urb. Bairoa Calle 30 AP7, <span class=\"company_city\">Caguas<\/span> \u200b,\u00a0<span class=\"company_region\">PR<\/span>, <span class=\"company_postal\"> 00725<\/span> , <span class=\"profile-phone-element\">787 672-6853<\/span>). <a style=\"color: #333333;\" href=\"https:\/\/www.fcpr.org\">Fundaci\u00f3n Comunitaria de Puerto Rico<\/a> tiene un fondo privado para apoyar en la creaci\u00f3n de esa organizaci\u00f3n a nivel nacional.<\/span><\/p>\n<p><span style=\"color: #333333;\">\u00a0<\/span>[\/vc_toggle][vc_toggle title=\u00bb\u00bfHabr\u00e1 una publicaci\u00f3n acad\u00e9mica sobre Guyana que uno pueda leer con m\u00e1s detalle?\u00bb style=\u00bbsquare\u00bb color=\u00bbgreen\u00bb size=\u00bblg\u00bb css_animation=\u00bbfadeIn\u00bb]<span style=\"color: #333333;\">Ver <a href=\"https:\/\/www.researchgate.net\/publication\/238046220_'IWOKRAMA_-_THE_GREEN_HEART_OF_GUYANA'_Ecomuseum_principles_heritage_management_sustainable_development_and_stakeholder_participation\">The Green Heart of Guyana, (2008).\u00a0Ecomuseum principles, heritage management, sustainable development and stakeholder participation<\/a><br \/>\n<\/span><\/p>\n<p><span style=\"color: #333333;\">\u00a0<\/span>[\/vc_toggle][vc_toggle title=\u00bb\u00bfHay protecciones legales para ecomuseos con propiedades privadas en t\u00e9rminos de responsabilidad p\u00fablica (ejemplo: riesgos a demandas por ca\u00eddas de ni\u00f1os o personas u otros riesgos de demandas por terceros)?\u00bb style=\u00bbsquare\u00bb color=\u00bbgreen\u00bb size=\u00bblg\u00bb css_animation=\u00bbfadeIn\u00bb]<span style=\"color: #333333;\">El concepto o iniciativa de ecomuseo es una estrategia que requiere una fase de planificaci\u00f3n. Asunto de seguros, leyes o reglamentos no llegan a un \u00e1rea solo por llamarlo ecomuseo. Esa fase de seguros y otros requisitos son de mas trabajado individual en su mayor\u00eda. Estamos comenzando el dialogo y consideraci\u00f3n del concepto.<\/span><\/p>\n<p><span style=\"color: #333333;\">\u00a0<\/span>[\/vc_toggle][\/vc_column][\/vc_row]<\/p>\n<\/div>","protected":false},"excerpt":{"rendered":"<p>[vc_row][vc_column][vc_video link=\u00bbhttps:\/\/vimeo.com\/542432548&#8243; css_animation=\u00bbfadeIn\u00bb][\/vc_column][\/vc_row][vc_row][vc_column][vc_column_text css_animation=\u00bbfadeIn\u00bb]El s\u00e1bado 24 de abril presentaron Jos\u00e9 Santos Valderrama, Bosque Modelo de Puerto Rico,\u00a0 Dagmar Karisch- Gierer, Women in Forestry y Red de Mujeres en Bosques, Austria, y del Reino Unido,&hellip;<\/p>\n","protected":false},"author":2,"featured_media":0,"parent":0,"menu_order":0,"comment_status":"closed","ping_status":"closed","template":"","meta":{"footnotes":""},"class_list":["post-2082","page","type-page","status-publish","hentry"],"_links":{"self":[{"href":"https:\/\/www.congresocustodiospr.org\/index.php?rest_route=\/wp\/v2\/pages\/2082","targetHints":{"allow":["GET"]}}],"collection":[{"href":"https:\/\/www.congresocustodiospr.org\/index.php?rest_route=\/wp\/v2\/pages"}],"about":[{"href":"https:\/\/www.congresocustodiospr.org\/index.php?rest_route=\/wp\/v2\/types\/page"}],"author":[{"embeddable":true,"href":"https:\/\/www.congresocustodiospr.org\/index.php?rest_route=\/wp\/v2\/users\/2"}],"replies":[{"embeddable":true,"href":"https:\/\/www.congresocustodiospr.org\/index.php?rest_route=%2Fwp%2Fv2%2Fcomments&post=2082"}],"version-history":[{"count":0,"href":"https:\/\/www.congresocustodiospr.org\/index.php?rest_route=\/wp\/v2\/pages\/2082\/revisions"}],"wp:attachment":[{"href":"https:\/\/www.congresocustodiospr.org\/index.php?rest_route=%2Fwp%2Fv2%2Fmedia&parent=2082"}],"curies":[{"name":"wp","href":"https:\/\/api.w.org\/{rel}","templated":true}]}}