{"id":2095,"date":"2021-05-03T15:34:43","date_gmt":"2021-05-03T15:34:43","guid":{"rendered":"https:\/\/www.congresocustodiospr.org\/?page_id=2095"},"modified":"2021-05-03T15:37:37","modified_gmt":"2021-05-03T15:37:37","slug":"conversatorios","status":"publish","type":"page","link":"https:\/\/www.congresocustodiospr.org\/?page_id=2095","title":{"rendered":"CONVERSATORIOS"},"content":{"rendered":"<div class=\"wpb-content-wrapper\"><p>[vc_row][vc_column][vc_column_text]<\/p>\r\n<h4 style=\"text-align: center;\"><strong>Primer d\u00eda- T\u00e9cnico y Cient\u00edfico<\/strong><\/h4>\r\n\r\n<p>&nbsp;<\/p>\r\n<p>[\/vc_column_text][\/vc_column][\/vc_row][vc_row][vc_column][vc_video link=\u00bbhttps:\/\/vimeo.com\/542635975&#8243; css_animation=\u00bbfadeIn\u00bb][\/vc_column][\/vc_row]<\/p><\/div>","protected":false},"excerpt":{"rendered":"<p>[vc_row][vc_column][vc_column_text] Primer d\u00eda- T\u00e9cnico y Cient\u00edfico &nbsp; [\/vc_column_text][\/vc_column][\/vc_row][vc_row][vc_column][vc_video link=\u00bbhttps:\/\/vimeo.com\/542635975&#8243; css_animation=\u00bbfadeIn\u00bb][\/vc_column][\/vc_row]<\/p>\n","protected":false},"author":2,"featured_media":0,"parent":0,"menu_order":0,"comment_status":"closed","ping_status":"closed","template":"","meta":{"footnotes":""},"class_list":["post-2095","page","type-page","status-publish","hentry"],"_links":{"self":[{"href":"https:\/\/www.congresocustodiospr.org\/index.php?rest_route=\/wp\/v2\/pages\/2095","targetHints":{"allow":["GET"]}}],"collection":[{"href":"https:\/\/www.congresocustodiospr.org\/index.php?rest_route=\/wp\/v2\/pages"}],"about":[{"href":"https:\/\/www.congresocustodiospr.org\/index.php?rest_route=\/wp\/v2\/types\/page"}],"author":[{"embeddable":true,"href":"https:\/\/www.congresocustodiospr.org\/index.php?rest_route=\/wp\/v2\/users\/2"}],"replies":[{"embeddable":true,"href":"https:\/\/www.congresocustodiospr.org\/index.php?rest_route=%2Fwp%2Fv2%2Fcomments&post=2095"}],"version-history":[{"count":0,"href":"https:\/\/www.congresocustodiospr.org\/index.php?rest_route=\/wp\/v2\/pages\/2095\/revisions"}],"wp:attachment":[{"href":"https:\/\/www.congresocustodiospr.org\/index.php?rest_route=%2Fwp%2Fv2%2Fmedia&parent=2095"}],"curies":[{"name":"wp","href":"https:\/\/api.w.org\/{rel}","templated":true}]}}