{"id":2180,"date":"2026-01-17T14:36:21","date_gmt":"2026-01-17T18:36:21","guid":{"rendered":"https:\/\/www.congresocustodiospr.org\/?page_id=2180"},"modified":"2026-01-17T14:36:21","modified_gmt":"2026-01-17T18:36:21","slug":"consultas","status":"publish","type":"page","link":"https:\/\/www.congresocustodiospr.org\/?page_id=2180","title":{"rendered":"Consultas"},"content":{"rendered":"\n\t<link rel='preconnect' href='https:\/\/fonts.googleapis.com'>\n    <link rel='preconnect' href='https:\/\/fonts.gstatic.com' crossorigin>\n    <link href='https:\/\/fonts.googleapis.com\/css2?family=Montserrat:ital,wght@0,100..900;1,100..900&display=swap' rel='stylesheet'>\n\t<form id=\"formulario-consulta\" method=\"post\" enctype=\"multipart\/form-data\">\n\t<input type=\"hidden\" name=\"action\" value=\"procesar_formulario_consulta\">\n\t<table class=\"formulario-tabla\">\n\t<tr>\n\t<td><label id=\"css\" for=\"nombre\">Nombre:*<\/label><input type=\"text\" id=\"nombre\" name=\"nombre\" required><\/td>\n\t<td><label id=\"css\" for=\"apellidos\">Apellidos:*<\/label><input type=\"text\" id=\"apellidos\" name=\"apellidos\" required><\/td>\n\t<\/tr>\n\t<tr>\n\t<td><label id=\"css\" for=\"email\">Email:*<\/label><input type=\"email\" id=\"email\" name=\"email\" required><\/td>\n\t<td><label id=\"css\" for=\"email\">Repita Email:*<\/label><input type=\"email\" id=\"repita_email\" name=\"repita_email\" required><\/td>\n\t<\/tr>\n\t<tr>\n\t<td><label id=\"css\" for=\"asunto\">Asunto:*<\/label><input type=\"text\" id=\"asunto\" name=\"asunto\" required><\/td>\n\t<td><label id=\"css\" for=\"telefono\">Tel\u00e9fono:*<\/label><input type=\"tel\" id=\"telefono\" name=\"telefono\" required><\/td>\n\t<\/tr>\n\t<tr>\n\t<td colspan=\"2\"><label id=\"css\" for=\"comentarios\">Comentarios:*<\/label>\n\t<textarea id=\"comentarios\" name=\"comentarios\" rows=\"6\" required><\/textarea>\n\t<div id=\"contador\">Caracteres: 0 | Palabras: 0<\/div><\/td>\n\t<\/tr>\n\t<tr>\n\t<td colspan=\"2\"><label id=\"css\" for=\"archivos\">Adjuntar archivos: (Opcional - M\u00e1ximo 10 archivos de un 1MB m\u00e1ximo)<\/label>\n\t<input type=\"file\" id=\"archivos\" name=\"archivos[]\" multiple accept=\".jpg,.jpeg,.png,.gif,.pdf,.doc,.docx\">\n\t<label id=\"css\" for=\"Formatos\">Formatos: JPG, JPEG, PNG, GIF, PDF, DOC, DOCX<\/label>\n\t<div align=\"center\" id=\"error\" style=\"color: red;\"><\/div><\/td>\n\t<\/tr>\n\t<tr>\n\t<td colspan=\"2\"><button type=\"submit\">Enviar Consulta<\/button><div align=\"right\"><\/td>\n\t<\/tr>\n\t<\/form>\n\t<\/table>\n\t<div id=\"formulario-mensaje\" style=\"font-weight:bold;\"><\/div>\n\t<center><div id=\"formulario-mensaje\" style=\"font-weight:bold;\"><\/div><\/center>\n\t<div id=\"preview\"><\/div>\n\t<div id=\"imageModal\" class=\"modal\">\n\t<span class=\"close-btn\" onclick=\"closeModal()\">&times;<\/span>\n\t<div class=\"modal-content\">\n\t<img decoding=\"async\" id=\"modalImg\" src=\"\" alt=\"Vista Previa\">\n\t<\/div>\n\t<\/div>\n\t<style>\n\t\ttable, tr, td, th {\n\t\t\tborder: 0px;\n\t\t}\n\t\tp.p {\n\t\t\tfont-family:\tMontserrat;\n\t\t\tcolor:\t\t\t#000000;\n\t\t\tfont-size:\t\t21px;\n\t\t}\n\t\t#css {\n\t\t\tfont-family:\tMontserrat;\n\t\t\tcolor:\t\t\t#000000;\n\t\t\tfont-size:\t\t17px;\n\t\t\tfont-weight:\t500;\n\t\t}\n\t\tlabel {\n\t\t\tfont-family:\tMontserrat;\n\t\t\tcolor:\t\t\t#000000;\n\t\t\tfont-size:\t\t17px;\n\t\t}\n\t\tli {\n\t\t\tcolor:\t\t\t#000000;\n\t\t\tfont-size:\t\t17px;\n\t\t\tfont-weight:\t500;\n\t\t}\n\t\t.formulario-tabla {\n\t\t\twidth: 100%;\n\t\t\tborder-collapse: collapse;\n\t\t\tmargin: 20px 0;\n\t\t}\n\t\t.formulario-tabla td {\n\t\t\tpadding:\t\t3px;\n\t\t\tvertical-align:\ttop;\n\t\t}\n\t\t.formulario-tabla td label {\n\t\t\tdisplay:\t\tblock;\n\t\t\tfont-weight:\tbold;\n\t\t\tmargin-bottom:\t3px;\n\t\t}\n\t\t.formulario-tabla td input[type=\"text\"],\n\t\t.formulario-tabla td input[type=\"email\"],\n\t\t.formulario-tabla td input[type=\"tel\"],\n\t\t.formulario-tabla td input[type=\"file\"],\n\t\t.formulario-tabla td textarea {\n\t\t\tfont-family:\t\tMontserrat;\n\t\t\tcolor:\t\t\t\t#000000;\n\t\t\tfont-size:\t\t\t17px;\n\t\t\twidth:\t\t\t\t100%;\n\t\t\tpadding:\t\t\t5px;\n\t\t\tbox-sizing:\t\t\tborder-box;\n\t\t\tbackground-color:\t#F5F5F5;\n\t\t\ttransition:\t\t\tbackground-color 0.3s ease;\n\t\t}\n\t\t.formulario-tabla td input[type=\"text\"]:hover,\n\t\t.formulario-tabla td input[type=\"email\"]:hover,\n\t\t.formulario-tabla td input[type=\"tel\"]:hover,\n\t\t.formulario-tabla td input[type=\"file\"]:hover,\n\t\t.formulario-tabla td textarea:hover {\n\t\t\tbackground-color: #ffff00;\n\t\t}\n\t\t.formulario-tabla td textarea {\n\t\t\tresize: vertical;\n\t\t}\n\t\t.formulario-tabla .button-row {\n\t\t\ttext-align: center;\n\t\t}\n\t\t.formulario-tabla button {\n\t\t\tpadding:\t\t\t10px 20px;\n\t\t\tbackground-color:\t#0073aa;\n\t\t\tcolor: \t\t\t\twhite;\n\t\t\tborder: \t\t\tnone;\n\t\t\tfont-size: \t\t\t17px;\n\t\t\tcursor: \t\t\tpointer;\n\t\t\tborder-radius:\t\t5px;\n\t\t}\n\t\t.formulario-tabla button:hover {\n\t\t\tbackground-color: #005a87;\n\t\t}\n\t\t@media screen and (max-width: 768px) {\n\t\t\t.formulario-tabla td {\n\t\t\t\tdisplay: block;\n\t\t\t\twidth: 100%;\n\t\t\t}\n\t\t\t.formulario-tabla tr {\n\t\t\t\tdisplay: \t\tblock;\n\t\t\t\tmargin-bottom:\t15px;\n\t\t\t}\n\t\t\t.formulario-tabla td label {\n\t\t\t\tmargin-bottom: 10px;\n\t\t\t}\n\t\t\t.formulario-tabla .button-row {\n\t\t\t\tdisplay:\tblock;\n\t\t\t\twidth:\t\t100%;\n\t\t\t}\n\t\t}\n\t\t.formulario-mensaje.exito {\n\t\t\tcolor: \t\t\t#009900;\n\t\t\tfont-family:\tMontserrat;\n\t\t\tfont-size:\t\t21px;\n\t\t}\n\t\t.formulario-mensaje.error {\n\t\t\tcolor: \t\t\t#FF0000;\n\t\t\tfont-family:\tMontserrat;\n\t\t\tfont-size:\t\t21px;\n\t\t}\n\t<\/style>\n\t<style>\n\t\t#preview {\n\t\t\tdisplay:\tflex;\n\t\t\tflex-wrap:\twrap;\n\t\t\tgap:\t\t10px;\n\t\t\tmargin-top:\t10px;\n\t\t}\n\t\t.file-preview {\n\t\t\tdisplay:\t\tflex;\n\t\t\tflex-direction:\tcolumn;\n\t\t\talign-items:\tcenter;\n\t\t\ttext-align:\t\tcenter;\n\t\t\twidth:\t\t\t114px;\n\t\t\tfont-size:\t\t10px;\n\t\t\tcursor:\t\t\tpointer;\n\t\t}\n\t\t.file-preview img {\n\t\t\twidth:\t\t\t114px;\n\t\t\theight:\t\t\t114px;\n\t\t\tobject-fit:\t\tcover;\n\t\t\tborder:\t\t\t1px solid #ddd;\n\t\t\tborder-radius:\t7px;\n\t\t\ttransition:\t\ttransform 0.5s;\n\t\t}\n\t\t.file-preview img:hover {\n\t\t\ttransform:\tscale(1.1);\n\t\t}\n\t\t.file-preview span {\n\t\t\tmargin-top:\t5px;\n\t\t\tword-wrap:\tbreak-word;\n\t\t}\n\t\t.modal {\n\t\t\tdisplay:\t\t\tnone;\n\t\t\tposition:\t\t\tfixed;\n\t\t\ttop:\t\t\t\t0;\n\t\t\tleft:\t\t\t\t0;\n\t\t\twidth:\t\t\t\t100%;\n\t\t\theight:\t\t\t\t100%;\n\t\t\tbackground-color:\trgba(0, 0, 0, 0.7);\n\t\t\tjustify-content:\tcenter;\n\t\t\talign-items:\t\tcenter;\n\t\t\tz-index:\t\t\t1000;\n\t\t}\n\t\t.modal-content {\n\t\t\twidth:\t\t\t\t90%;\n\t\t\theight:\t\t\t\t80%;\n\t\t\tdisplay:\t\t\tflex;\n\t\t\tjustify-content:\tcenter;\n\t\t\talign-items:\t\tcenter;\n\t\t}\n\t\t.modal-content img {\n\t\t\tmax-width:\t\t100%;\n\t\t\tmax-height:\t\t100%;\n\t\t\tborder-radius:\t7px;\n\t\t}\n\t\t.close-btn {\n\t\t\tposition:\tabsolute;\n\t\t\ttop:\t\t15px;\n\t\t\tright:\t\t25px;\n\t\t\tfont-size:\t30px;\n\t\t\tcolor:\t\twhite;\n\t\t\tcursor:\t\tpointer;\n\t\t}\n\t<\/style>\n\t<script>\n\t\tdocument.getElementById('archivos').addEventListener('change', function(event) {\n\t\t\tconst preview = document.getElementById('preview');\n\t\t\tpreview.innerHTML = '';\n\t\t\tconst files = event.target.files;\n\n\t\t\tif (!files.length) return;\n\n\t\t\tArray.from(files).forEach(file => {\n\t\t\t\tconst fileReader = new FileReader();\n\t\t\t\tconst filePreview = document.createElement('div');\n\t\t\t\tfilePreview.classList.add('file-preview');\n\n\t\t\t\tconst fileName = document.createElement('span');\n\t\t\t\tfileName.textContent = truncateFileName(file.name, 13);\n\n\t\t\t\tfilePreview.appendChild(fileName);\n\n\t\t\t\tif (file.type.startsWith('image\/')) {\n\t\t\t\t\tfileReader.readAsDataURL(file);\n\t\t\t\t\tfileReader.onload = function(e) {\n\t\t\t\t\t\tconst img = document.createElement('img');\n\t\t\t\t\t\timg.src = e.target.result;\n\t\t\t\t\t\timg.onclick = function() {\n\t\t\t\t\t\t\topenModal(e.target.result);\n\t\t\t\t\t\t};\n\t\t\t\t\t\tfilePreview.insertBefore(img, fileName);\n\t\t\t\t\t};\n\t\t\t\t} else {\n\t\t\t\t\tconst icon = document.createElement('img');\n\t\t\t\t\ticon.src = getFileIcon(file.name);\n\t\t\t\t\tfilePreview.insertBefore(icon, fileName);\n\t\t\t\t}\n\n\t\t\t\tpreview.appendChild(filePreview);\n\t\t\t});\n\t\t});\n\n\t\tfunction truncateFileName(filename, maxLength) {\n\t\t\tconst extension = filename.split('.').pop();\n\t\t\tconst nameWithoutExt = filename.substring(0, filename.lastIndexOf(\".\")) || filename; \/\/ Obtener el nombre sin extensi\u00f3n\n\n\t\t\tif (nameWithoutExt.length > maxLength) {\n\t\t\t\treturn nameWithoutExt.substring(0, maxLength) + \"...\";\n\t\t\t}\n\t\t\treturn filename;\n\t\t}\n\n\t\tfunction getFileIcon(filename) {\n\t\t\tconst extension = filename.split('.').pop().toLowerCase();\n\t\t\tconst icons = {\n\t\t\t\tpdf: 'https:\/\/cdn-icons-png.flaticon.com\/128\/337\/337946.png',\n\t\t\t\tdoc: 'https:\/\/cdn-icons-png.flaticon.com\/128\/732\/732220.png',\n\t\t\t\tdocx: 'https:\/\/cdn-icons-png.flaticon.com\/128\/732\/732220.png',\n\t\t\t\txls: 'https:\/\/cdn-icons-png.flaticon.com\/128\/732\/732228.png',\n\t\t\t\txlsx: 'https:\/\/cdn-icons-png.flaticon.com\/128\/732\/732228.png',\n\t\t\t\tppt: 'https:\/\/cdn-icons-png.flaticon.com\/128\/732\/732224.png',\n\t\t\t\tpptx: 'https:\/\/cdn-icons-png.flaticon.com\/128\/732\/732224.png',\n\t\t\t\tdefault: 'https:\/\/cdn-icons-png.flaticon.com\/128\/833\/833593.png'\n\t\t\t};\n\t\t\treturn icons[extension] || icons.default;\n\t\t}\n\n\t\tfunction openModal(imageSrc) {\n\t\t\tconst modal = document.getElementById('imageModal');\n\t\t\tconst modalImg = document.getElementById('modalImg');\n\t\t\tmodalImg.src = imageSrc;\n\t\t\tmodal.style.display = 'flex';\n\t\t}\n\n\t\tfunction closeModal() {\n\t\t\tdocument.getElementById('imageModal').style.display = 'none';\n\t\t}\n\n\t\t\/\/ Cerrar modal al hacer clic fuera de la imagen\n\t\tdocument.getElementById('imageModal').addEventListener('click', function(event) {\n\t\t\tif (event.target === this) {\n\t\t\t\tcloseModal();\n\t\t\t}\n\t\t});\n\n\t\tdocument.addEventListener(\"DOMContentLoaded\", function () {\n\t\t\tconst modal = document.getElementById(\"imageModal\");\n\t\t\tconst modalImg = document.getElementById(\"modalImg\");\n\t\t\tconst closeButton = document.querySelector(\".close-btn\");\n\t\t\tlet startY; \/\/ Para detectar deslizamiento en m\u00f3viles\n\n\t\t\t\/\/ \u2705 Funci\u00f3n para abrir el modal\n\t\t\tfunction openModal(imageSrc) {\n\t\t\t\tmodalImg.src = imageSrc;\n\t\t\t\tmodal.style.display = \"flex\";\n\t\t\t}\n\n\t\t\t\/\/ \u2705 Funci\u00f3n para cerrar el modal\n\t\t\tfunction closeModal() {\n\t\t\t\tmodal.style.display = \"none\";\n\t\t\t}\n\n\t\t\t\/\/ \ud83c\udfaf Cerrar con la tecla \"Esc\"\n\t\t\tdocument.addEventListener(\"keydown\", function (event) {\n\t\t\t\tif (event.key === \"Escape\") closeModal();\n\t\t\t});\n\n\t\t\t\/\/ \ud83c\udfaf Cerrar al hacer clic fuera de la imagen\n\t\t\tmodal.addEventListener(\"click\", function (event) {\n\t\t\t\tif (event.target === modal) closeModal();\n\t\t\t});\n\n\t\t\t\/\/ \ud83c\udfaf Cerrar al hacer clic en el bot\u00f3n \"X\"\n\t\t\tcloseButton.addEventListener(\"click\", closeModal);\n\n\t\t\t\/\/ \ud83c\udfaf Cerrar deslizando hacia arriba en m\u00f3viles\n\t\t\tmodal.addEventListener(\"touchstart\", function (event) {\n\t\t\t\tstartY = event.touches[0].clientY;\n\t\t\t});\n\n\t\t\tmodal.addEventListener(\"touchmove\", function (event) {\n\t\t\t\tlet endY = event.touches[0].clientY;\n\t\t\t\tif (startY - endY > 100) closeModal(); \/\/ Si se desliza m\u00e1s de 100px\n\t\t\t});\n\n\t\t\t\/\/ \ud83d\uddbc\ufe0f Manejar la apertura del modal con las im\u00e1genes\n\t\t\tdocument.getElementById(\"archivos\").addEventListener(\"change\", function (event) {\n\t\t\t\tconst preview = document.getElementById(\"preview\");\n\t\t\t\tpreview.innerHTML = \"\";\n\n\t\t\t\tArray.from(event.target.files).forEach(file => {\n\t\t\t\t\tif (file.type.startsWith(\"image\/\")) {\n\t\t\t\t\t\tconst fileReader = new FileReader();\n\t\t\t\t\t\tfileReader.readAsDataURL(file);\n\t\t\t\t\t\tfileReader.onload = function (e) {\n\t\t\t\t\t\t\tconst img = document.createElement(\"img\");\n\t\t\t\t\t\t\timg.src = e.target.result;\n\t\t\t\t\t\t\timg.classList.add(\"file-preview-img\");\n\t\t\t\t\t\t\timg.onclick = function () {\n\t\t\t\t\t\t\t\topenModal(e.target.result);\n\t\t\t\t\t\t\t};\n\n\t\t\t\t\t\t\tconst filePreview = document.createElement(\"div\");\n\t\t\t\t\t\t\tfilePreview.classList.add(\"file-preview\");\n\t\t\t\t\t\t\tfilePreview.appendChild(img);\n\t\t\t\t\t\t\tpreview.appendChild(filePreview);\n\t\t\t\t\t\t};\n\t\t\t\t\t}\n\t\t\t\t});\n\t\t\t});\n\t\t});\n\n\t\t\/\/ \u2705 Funci\u00f3n para cerrar el modal\n\t\tfunction closeModal() {\n\t\t\tdocument.getElementById('imageModal').style.display = 'none';\n\t\t}\n\t<\/script>\n\t<script>\n\t\tdocument.addEventListener(\"DOMContentLoaded\", function () {\n\t\t\tconst textarea = document.getElementById(\"comentarios\");\n\t\t\tconst contador = document.getElementById(\"contador\");\n\t\t\tconst LIMITE_CARACTERES = 5000;\n\n\t\t\ttextarea.addEventListener(\"input\", function () {\n\t\t\t\tlet texto = textarea.value;\n\t\t\t\tlet numCaracteres = texto.length;\n\t\t\t\t\n\t\t\t\t\/\/ Contar palabras eliminando espacios extra\n\t\t\t\tlet palabras = texto.trim().split(\/\\s+\/).filter(word => word.length > 0);\n\t\t\t\tlet numPalabras = palabras.length;\n\n\t\t\t\t\/\/ Mostrar el conteo\n\t\t\t\tcontador.innerHTML = `Caracteres: ${numCaracteres} | Palabras: ${numPalabras}`;\n\n\t\t\t\t\/\/ Advertencia si se excede el l\u00edmite de caracteres\n\t\t\t\tif (numCaracteres > LIMITE_CARACTERES) {\n\t\t\t\t\tcontador.style.color = \"red\";\n\t\t\t\t} else {\n\t\t\t\t\tcontador.style.color = \"black\";\n\t\t\t\t}\n\t\t\t});\n\t\t});\n\n\t\tdocument.getElementById('archivos').addEventListener('change', function(event) {\n\t\t\tconst MAX_FILES = 10;\n\t\t\tconst MAX_SIZE = 1 * 1024 * 1024;\n\t\t\tconst files = event.target.files;\n\t\t\tconst errorElement = document.getElementById(\"error\");\n\t\t\terrorElement.textContent = \"\";\n\n\t\t\tif (files.length > MAX_FILES) {\n\t\t\t\terrorElement.textContent = `Solo se pueden subir hasta ${MAX_FILES} archivos.`;\n\t\t\t\tevent.target.value = '';\n\t\t\t\treturn;\n\t\t\t}\n\n\t\t\tfor (const file of files) {\n\t\t\t\tif (file.size > MAX_SIZE) {\n\t\t\t\t\terrorElement.textContent = `El archivo ${file.name} supera el l\u00edmite de 1MB.`;\n\t\t\t\t\tevent.target.value = '';\n\t\t\t\t\treturn;\n\t\t\t\t}\n\t\t\t}\n\t\t});\n\n\t\tdocument.addEventListener(\"DOMContentLoaded\", function () {\n\t\t\tconst form = document.getElementById(\"formulario-consulta\");\n\t\t\tconst submitButton = form.querySelector(\"button[type='submit']\");\n\t\t\tconst messageBox = document.getElementById(\"formulario-mensaje\");\n\n\t\t\tfunction resetForm() {\n\t\t\t\tdocument.getElementById(\"formulario-consulta\").reset(); \/\/ Restablecer el formulario\n\t\t\t\tdocument.getElementById(\"preview\").innerHTML = \"\"; \/\/ Limpiar vista previa de archivos\n\t\t\t\tdocument.getElementById(\"error\").textContent = \"\"; \/\/ Limpiar mensajes de error\n\t\t\t\tdocument.getElementById(\"contador\").innerHTML = \"Caracteres: 0 | Palabras: 0\"; \/\/ Resetear el contador\n\t\t\t\tdocument.querySelector(\"button[type='submit']\").disabled = false; \/\/ Reactivar bot\u00f3n de env\u00edo\n\t\t\t}\n\n\t\t\tform.addEventListener(\"submit\", function (e) {\n\t\t\t\te.preventDefault(); \/\/ \ud83d\udeab Evitar recarga de p\u00e1gina\n\n\t\t\t\tsubmitButton.disabled = true; \/\/ \ud83d\udd39 Desactivar el bot\u00f3n de enviar para evitar duplicados\n\t\t\t\tsubmitButton.textContent = \"Enviando...\"; \/\/ \ud83d\udd39 Mostrar estado de env\u00edo\n\n\t\t\t\tlet formData = new FormData(form);\n\n\t\t\t\tfetch(\"https:\/\/www.congresocustodiospr.org\/wp-admin\/admin-ajax.php\", {\n\t\t\t\t\tmethod: \"POST\",\n\t\t\t\t\tbody: formData\n\t\t\t\t})\n\t\t\t\t.then(response => response.json())\n\t\t\t\t.then(data => {\n\t\t\t\t\tmessageBox.innerHTML = \"<div class='p'>\" + data.message + \"<\/div>\";\n\t\t\t\t\tmessageBox.className = data.success ? \"formulario-mensaje exito\" : \"formulario-mensaje error\";\n\n\t\t\t\t\tif (data.success) {\n\t\t\t\t\t\tresetForm(); \/\/ \u2705 Limpiar el formulario despu\u00e9s del env\u00edo\n\t\t\t\t\t\tsubmitButton.textContent = \"Enviar Consulta\"; \/\/ \u2705 Restaurar bot\u00f3n\n\t\t\t\t\t} else {\n\t\t\t\t\t\tsubmitButton.disabled = false; \/\/ \u2705 Reactivar el bot\u00f3n si hay error\n\t\t\t\t\t\tsubmitButton.textContent = \"Enviar Consulta\";\n\t\t\t\t\t}\n\t\t\t\t})\n\t\t\t\t.catch(error => {\n\t\t\t\t\tconsole.error(\"Error:\", error);\n\t\t\t\t\tsubmitButton.disabled = false; \/\/ \u2705 Reactivar bot\u00f3n en caso de error\n\t\t\t\t\tsubmitButton.textContent = \"Enviar Consulta\";\n\t\t\t\t});\n\t\t\t});\n\t\t});\n\t<\/script>\n\t\n","protected":false},"excerpt":{"rendered":"Nombre:* Apellidos:* Email:* Repita Email:* Asunto:* Tel\u00e9fono:* Comentarios:* Caracteres: 0 | Palabras: 0 Adjuntar archivos: (Opcional - M\u00e1ximo 10 archivos de un 1MB m\u00e1ximo) Formatos: JPG, JPEG, PNG, GIF, PDF, DOC, DOCX Enviar Consulta&hellip;","protected":false},"author":4,"featured_media":0,"parent":0,"menu_order":0,"comment_status":"closed","ping_status":"closed","template":"","meta":{"footnotes":""},"class_list":["post-2180","page","type-page","status-publish","hentry"],"_links":{"self":[{"href":"https:\/\/www.congresocustodiospr.org\/index.php?rest_route=\/wp\/v2\/pages\/2180","targetHints":{"allow":["GET"]}}],"collection":[{"href":"https:\/\/www.congresocustodiospr.org\/index.php?rest_route=\/wp\/v2\/pages"}],"about":[{"href":"https:\/\/www.congresocustodiospr.org\/index.php?rest_route=\/wp\/v2\/types\/page"}],"author":[{"embeddable":true,"href":"https:\/\/www.congresocustodiospr.org\/index.php?rest_route=\/wp\/v2\/users\/4"}],"replies":[{"embeddable":true,"href":"https:\/\/www.congresocustodiospr.org\/index.php?rest_route=%2Fwp%2Fv2%2Fcomments&post=2180"}],"version-history":[{"count":0,"href":"https:\/\/www.congresocustodiospr.org\/index.php?rest_route=\/wp\/v2\/pages\/2180\/revisions"}],"wp:attachment":[{"href":"https:\/\/www.congresocustodiospr.org\/index.php?rest_route=%2Fwp%2Fv2%2Fmedia&parent=2180"}],"curies":[{"name":"wp","href":"https:\/\/api.w.org\/{rel}","templated":true}]}}